{"id":2091,"date":"2020-08-28T17:31:22","date_gmt":"2020-08-28T15:31:22","guid":{"rendered":"https:\/\/visionslabs.io\/reference\/"},"modified":"2021-10-13T11:59:44","modified_gmt":"2021-10-13T09:59:44","slug":"reference","status":"publish","type":"page","link":"https:\/\/visionslabs.io\/en\/reference\/","title":{"rendered":"Reference"},"content":{"rendered":"<section class=\"l-section wpb_row height_large\"><div class=\"l-section-h i-cf\"><div class=\"g-cols vc_row via_flex valign_top type_default stacking_default\"><div class=\"vc_col-sm-12 wpb_column vc_column_container\"><div class=\"vc_column-inner\"><div class=\"wpb_wrapper\"><div class=\"w-grid type_grid layout_959 cols_3 pagination_ajax with_filters ratio_1x1\" id=\"us_grid_1\" style=\"--gap:1.5rem;\"><style>@media (max-width:1024px){#us_grid_1 .w-grid-item{width:50%}#us_grid_1 .w-grid-item.size_2x1,#us_grid_1 .w-grid-item.size_2x2{width:100%}}@media (max-width:600px){#us_grid_1 .w-grid-list{margin:0}#us_grid_1 .w-grid-item{width:100%;padding:0;margin-bottom:var(--gap,0px)}}.layout_959 .w-grid-item-h:before{padding-bottom:100%}@media (min-width:601px){.layout_959 .w-grid-item.size_1x2 .w-grid-item-h:before{padding-bottom:calc(200% + var(--gap,0px) * 2)}.layout_959 .w-grid-item.size_2x1 .w-grid-item-h:before{padding-bottom:calc(50% - var(--gap,0px) * 1)}.layout_959 .w-grid-item.size_2x2 .w-grid-item-h:before{padding-bottom:calc(100% - var(--gap,0px) * 0)}}.layout_959 .w-grid-item-h{background:linear-gradient(135deg,rgba(11,135,147,0.1),rgba(54,0,51,0.1));color:var(--color-content-heading);border-radius:2rem}.layout_959 .usg_post_image_1{transition-duration:0.3s;transform-origin:90% 90%;transform:scale(0.3) translate(0%,0%)}.layout_959 .w-grid-item-h:hover .usg_post_image_1{transform:scale(1) translate(0%,0%);opacity:1}.layout_959 .usg_vwrapper_1{transition-duration:0.4s;transform-origin:50% 50%;transform:scale(1) translate(0,0)}.layout_959 .w-grid-item-h:hover .usg_vwrapper_1{transform:scale(2) translate(-50%,-50%);opacity:0}.layout_959 .usg_post_image_1{border-radius:2rem!important;position:absolute!important;left:0!important;top:0!important;bottom:0!important;right:0!important}.layout_959 .usg_vwrapper_1{position:absolute!important;top:0!important;right:0!important;left:0!important;padding-top:10%!important;padding-right:30%!important;padding-left:10%!important}.layout_959 .usg_post_title_1{color:inherit!important;font-size:1.5rem!important;font-weight:700!important}<\/style><div class=\"g-filters style_3 align_center\"><button class=\"g-filters-item active\" data-taxonomy=\"*\"><span>All<\/span><\/button><button class=\"g-filters-item\" data-taxonomy=\"mobile-application\" data-amount=\"1\"><span>Mobile application<\/span><span class=\"g-filters-item-amount\">1<\/span><\/button><button class=\"g-filters-item\" data-taxonomy=\"web-applications\" data-amount=\"1\"><span>Web applications<\/span><span class=\"g-filters-item-amount\">1<\/span><\/button><\/div><div class=\"w-grid-list\" data-filter_taxonomy_name=\"us_portfolio_category\">\t<article class=\"w-grid-item size_1x1 post-2554 us_portfolio type-us_portfolio status-publish hentry us_portfolio_category-mobile-application us_portfolio_category-web-applications\" data-id=\"2554\">\r\n\t\t<div class=\"w-grid-item-h\">\r\n\t\t\t\t\t\t\t<a href=\"https:\/\/visionslabs.io\/en\/reference\/centrum-vzdelavani-cz-information-system\/\" class=\"w-grid-item-anchor\" aria-label=\"CENTRUM-VZD\u011aL\u00c1V\u00c1N\u00cd.CZ &#8211; Information System (2nd generation)\"><\/a>\r\n\t\t\t\t\t\t<div class=\"w-post-elm post_image usg_post_image_1 grid_corner_image stretched with_placeholder\"><img decoding=\"async\" class=\"g-placeholder\" src=\"https:\/\/visionslabs.io\/wp-content\/plugins\/us-core\/assets\/images\/placeholder.svg\" width=\"1024\" height=\"1024\" alt><\/div><div class=\"w-vwrapper usg_vwrapper_1 align_left valign_top\"><h3 class=\"w-post-elm post_title usg_post_title_1 has_text_color entry-title color_link_inherit\">CENTRUM-VZD\u011aL\u00c1V\u00c1N\u00cd.CZ &#8211; Information System (2nd generation)<\/h3><div class=\"w-post-elm post_taxonomy usg_post_taxonomy_1 style_simple color_link_inherit\"><a class=\"term-204 term-mobile-application\" href=\"https:\/\/visionslabs.io\/en\/reference_category\/mobile-application\/\">Mobile application<\/a><b>, <\/b><a class=\"term-205 term-web-applications\" href=\"https:\/\/visionslabs.io\/en\/reference_category\/web-applications\/\">Web applications<\/a><\/div><\/div>\t\t<\/div>\r\n\t\t\t<\/article>\r\n<\/div><div class=\"w-grid-preloader\">\t<div class=\"g-preloader type_1\">\r\n\t\t<div><\/div>\r\n\t<\/div>\r\n\t<\/div>\t<div class=\"w-grid-json hidden\" onclick='return {&quot;action&quot;:&quot;us_ajax_grid&quot;,&quot;infinite_scroll&quot;:0,&quot;max_num_pages&quot;:1,&quot;pagination&quot;:&quot;ajax&quot;,&quot;template_vars&quot;:{&quot;columns&quot;:&quot;3&quot;,&quot;exclude_items&quot;:&quot;none&quot;,&quot;img_size&quot;:&quot;default&quot;,&quot;ignore_items_size&quot;:0,&quot;items_layout&quot;:&quot;959&quot;,&quot;items_offset&quot;:&quot;1&quot;,&quot;load_animation&quot;:&quot;none&quot;,&quot;overriding_link&quot;:&quot;%7B%22type%22%3A%22post%22%7D&quot;,&quot;post_id&quot;:0,&quot;query_args&quot;:{&quot;post_type&quot;:[&quot;us_portfolio&quot;],&quot;post_status&quot;:[&quot;publish&quot;],&quot;posts_per_page&quot;:&quot;9&quot;},&quot;orderby_query_args&quot;:{&quot;orderby&quot;:{&quot;date&quot;:&quot;DESC&quot;}},&quot;type&quot;:&quot;grid&quot;,&quot;us_grid_post_type&quot;:&quot;us_portfolio&quot;,&quot;us_grid_ajax_index&quot;:1,&quot;us_grid_filter_query_string&quot;:null,&quot;us_grid_index&quot;:1,&quot;page_args&quot;:[],&quot;lang&quot;:&quot;en&quot;}}'><\/div>\r\n\t<\/div><\/div><\/div><\/div><\/div><\/div><\/section><section class=\"l-section wpb_row height_huge\"><div class=\"l-section-h i-cf\"><div class=\"g-cols vc_row via_flex valign_top type_default stacking_default\"><div class=\"vc_col-sm-12 wpb_column vc_column_container\"><div class=\"vc_column-inner\"><div class=\"wpb_wrapper\"><div class=\"wpb_text_column\"><div class=\"wpb_wrapper\"><h2 style=\"text-align: center;\">Feel free to ask us about our work!<\/h2>\n<\/div><\/div><div class=\"w-btn-wrapper align_center\"><a class=\"w-btn us-btn-style_1 icon_atleft\" title=\"Contacts\" href=\"https:\/\/visionslabs.io\/en\/contacts\/\"><i class=\"fas fa-chevron-right\"><\/i><span class=\"w-btn-label\">Contact us<\/span><\/a><\/div><\/div><\/div><\/div><\/div><\/div><\/section>\n","protected":false},"excerpt":{"rendered":"Information System Web application &#8211; mobile application Save More information Web application &#8211; Information system CENTRUM-VZD\u011aL\u00c1V\u00c1N\u00cd.CZ In 2012, work began on the information system for CENTRUM-VZD\u011aL\u00c1V\u00c1N\u00cd.CZ for several reasons, one of them was the need to link information of more than 14 branches and another reason was the need to address logistics within the company...","protected":false},"author":1,"featured_media":0,"parent":0,"menu_order":2,"comment_status":"closed","ping_status":"closed","template":"","meta":{"footnotes":""},"class_list":["post-2091","page","type-page","status-publish","hentry"],"yoast_head":"<!-- This site is optimized with the Yoast SEO plugin v26.6 - https:\/\/yoast.com\/wordpress\/plugins\/seo\/ -->\n<title>Reference - visionslabs<\/title>\n<meta name=\"robots\" content=\"index, follow, max-snippet:-1, max-image-preview:large, max-video-preview:-1\" \/>\n<link rel=\"canonical\" href=\"https:\/\/visionslabs.io\/en\/reference\/\" \/>\n<meta property=\"og:locale\" content=\"en_US\" \/>\n<meta property=\"og:type\" content=\"article\" \/>\n<meta property=\"og:title\" content=\"Reference - visionslabs\" \/>\n<meta property=\"og:url\" content=\"https:\/\/visionslabs.io\/en\/reference\/\" \/>\n<meta property=\"og:site_name\" content=\"visionslabs\" \/>\n<meta property=\"article:publisher\" content=\"https:\/\/facebook.com\/visionslabs\/\" \/>\n<meta property=\"article:modified_time\" content=\"2021-10-13T09:59:44+00:00\" \/>\n<meta property=\"og:image\" content=\"https:\/\/visionslabs.io\/wp-content\/uploads\/2020\/08\/visionslabs-preview.jpg\" \/>\n\t<meta property=\"og:image:width\" content=\"1200\" \/>\n\t<meta property=\"og:image:height\" content=\"630\" \/>\n\t<meta property=\"og:image:type\" content=\"image\/jpeg\" \/>\n<meta name=\"twitter:card\" content=\"summary_large_image\" \/>\n<meta name=\"twitter:site\" content=\"@visionslabs\" \/>\n<script type=\"application\/ld+json\" class=\"yoast-schema-graph\">{\"@context\":\"https:\/\/schema.org\",\"@graph\":[{\"@type\":\"WebPage\",\"@id\":\"https:\/\/visionslabs.io\/en\/reference\/\",\"url\":\"https:\/\/visionslabs.io\/en\/reference\/\",\"name\":\"Reference - visionslabs\",\"isPartOf\":{\"@id\":\"https:\/\/visionslabs.io\/en\/#website\"},\"datePublished\":\"2020-08-28T15:31:22+00:00\",\"dateModified\":\"2021-10-13T09:59:44+00:00\",\"breadcrumb\":{\"@id\":\"https:\/\/visionslabs.io\/en\/reference\/#breadcrumb\"},\"inLanguage\":\"en-US\",\"potentialAction\":[{\"@type\":\"ReadAction\",\"target\":[\"https:\/\/visionslabs.io\/en\/reference\/\"]}]},{\"@type\":\"BreadcrumbList\",\"@id\":\"https:\/\/visionslabs.io\/en\/reference\/#breadcrumb\",\"itemListElement\":[{\"@type\":\"ListItem\",\"position\":1,\"name\":\"Home\",\"item\":\"https:\/\/visionslabs.io\/en\/\"},{\"@type\":\"ListItem\",\"position\":2,\"name\":\"Reference\"}]},{\"@type\":\"WebSite\",\"@id\":\"https:\/\/visionslabs.io\/en\/#website\",\"url\":\"https:\/\/visionslabs.io\/en\/\",\"name\":\"visionslabs\",\"description\":\"Digit\u00e1ln\u00ed studio visionslabs se zab\u00fdv\u00e1 tvorbou web\u016f, aplikac\u00ed a digit\u00e1ln\u00edm marketingem\",\"publisher\":{\"@id\":\"https:\/\/visionslabs.io\/en\/#organization\"},\"potentialAction\":[{\"@type\":\"SearchAction\",\"target\":{\"@type\":\"EntryPoint\",\"urlTemplate\":\"https:\/\/visionslabs.io\/en\/?s={search_term_string}\"},\"query-input\":{\"@type\":\"PropertyValueSpecification\",\"valueRequired\":true,\"valueName\":\"search_term_string\"}}],\"inLanguage\":\"en-US\"},{\"@type\":\"Organization\",\"@id\":\"https:\/\/visionslabs.io\/en\/#organization\",\"name\":\"VisionsLabs - Po\u010d\u00edta\u010dov\u00e1 slu\u017eba s.r.o.\",\"url\":\"https:\/\/visionslabs.io\/en\/\",\"logo\":{\"@type\":\"ImageObject\",\"inLanguage\":\"en-US\",\"@id\":\"https:\/\/visionslabs.io\/en\/#\/schema\/logo\/image\/\",\"url\":\"https:\/\/visionslabs.io\/wp-content\/uploads\/2020\/07\/visionslabs-logo-icon-1.svg\",\"contentUrl\":\"https:\/\/visionslabs.io\/wp-content\/uploads\/2020\/07\/visionslabs-logo-icon-1.svg\",\"width\":317,\"height\":90,\"caption\":\"VisionsLabs - Po\u010d\u00edta\u010dov\u00e1 slu\u017eba s.r.o.\"},\"image\":{\"@id\":\"https:\/\/visionslabs.io\/en\/#\/schema\/logo\/image\/\"},\"sameAs\":[\"https:\/\/facebook.com\/visionslabs\/\",\"https:\/\/x.com\/visionslabs\",\"https:\/\/www.instagram.com\/visionslabs\/\",\"https:\/\/www.linkedin.com\/company\/visionslabs\"]}]}<\/script>\n<!-- \/ Yoast SEO plugin. -->","yoast_head_json":{"title":"Reference - visionslabs","robots":{"index":"index","follow":"follow","max-snippet":"max-snippet:-1","max-image-preview":"max-image-preview:large","max-video-preview":"max-video-preview:-1"},"canonical":"https:\/\/visionslabs.io\/en\/reference\/","og_locale":"en_US","og_type":"article","og_title":"Reference - visionslabs","og_url":"https:\/\/visionslabs.io\/en\/reference\/","og_site_name":"visionslabs","article_publisher":"https:\/\/facebook.com\/visionslabs\/","article_modified_time":"2021-10-13T09:59:44+00:00","og_image":[{"width":1200,"height":630,"url":"https:\/\/visionslabs.io\/wp-content\/uploads\/2020\/08\/visionslabs-preview.jpg","type":"image\/jpeg"}],"twitter_card":"summary_large_image","twitter_site":"@visionslabs","schema":{"@context":"https:\/\/schema.org","@graph":[{"@type":"WebPage","@id":"https:\/\/visionslabs.io\/en\/reference\/","url":"https:\/\/visionslabs.io\/en\/reference\/","name":"Reference - visionslabs","isPartOf":{"@id":"https:\/\/visionslabs.io\/en\/#website"},"datePublished":"2020-08-28T15:31:22+00:00","dateModified":"2021-10-13T09:59:44+00:00","breadcrumb":{"@id":"https:\/\/visionslabs.io\/en\/reference\/#breadcrumb"},"inLanguage":"en-US","potentialAction":[{"@type":"ReadAction","target":["https:\/\/visionslabs.io\/en\/reference\/"]}]},{"@type":"BreadcrumbList","@id":"https:\/\/visionslabs.io\/en\/reference\/#breadcrumb","itemListElement":[{"@type":"ListItem","position":1,"name":"Home","item":"https:\/\/visionslabs.io\/en\/"},{"@type":"ListItem","position":2,"name":"Reference"}]},{"@type":"WebSite","@id":"https:\/\/visionslabs.io\/en\/#website","url":"https:\/\/visionslabs.io\/en\/","name":"visionslabs","description":"Digit\u00e1ln\u00ed studio visionslabs se zab\u00fdv\u00e1 tvorbou web\u016f, aplikac\u00ed a digit\u00e1ln\u00edm marketingem","publisher":{"@id":"https:\/\/visionslabs.io\/en\/#organization"},"potentialAction":[{"@type":"SearchAction","target":{"@type":"EntryPoint","urlTemplate":"https:\/\/visionslabs.io\/en\/?s={search_term_string}"},"query-input":{"@type":"PropertyValueSpecification","valueRequired":true,"valueName":"search_term_string"}}],"inLanguage":"en-US"},{"@type":"Organization","@id":"https:\/\/visionslabs.io\/en\/#organization","name":"VisionsLabs - Po\u010d\u00edta\u010dov\u00e1 slu\u017eba s.r.o.","url":"https:\/\/visionslabs.io\/en\/","logo":{"@type":"ImageObject","inLanguage":"en-US","@id":"https:\/\/visionslabs.io\/en\/#\/schema\/logo\/image\/","url":"https:\/\/visionslabs.io\/wp-content\/uploads\/2020\/07\/visionslabs-logo-icon-1.svg","contentUrl":"https:\/\/visionslabs.io\/wp-content\/uploads\/2020\/07\/visionslabs-logo-icon-1.svg","width":317,"height":90,"caption":"VisionsLabs - Po\u010d\u00edta\u010dov\u00e1 slu\u017eba s.r.o."},"image":{"@id":"https:\/\/visionslabs.io\/en\/#\/schema\/logo\/image\/"},"sameAs":["https:\/\/facebook.com\/visionslabs\/","https:\/\/x.com\/visionslabs","https:\/\/www.instagram.com\/visionslabs\/","https:\/\/www.linkedin.com\/company\/visionslabs"]}]}},"jetpack_sharing_enabled":true,"_links":{"self":[{"href":"https:\/\/visionslabs.io\/en\/wp-json\/wp\/v2\/pages\/2091","targetHints":{"allow":["GET"]}}],"collection":[{"href":"https:\/\/visionslabs.io\/en\/wp-json\/wp\/v2\/pages"}],"about":[{"href":"https:\/\/visionslabs.io\/en\/wp-json\/wp\/v2\/types\/page"}],"author":[{"embeddable":true,"href":"https:\/\/visionslabs.io\/en\/wp-json\/wp\/v2\/users\/1"}],"replies":[{"embeddable":true,"href":"https:\/\/visionslabs.io\/en\/wp-json\/wp\/v2\/comments?post=2091"}],"version-history":[{"count":0,"href":"https:\/\/visionslabs.io\/en\/wp-json\/wp\/v2\/pages\/2091\/revisions"}],"wp:attachment":[{"href":"https:\/\/visionslabs.io\/en\/wp-json\/wp\/v2\/media?parent=2091"}],"curies":[{"name":"wp","href":"https:\/\/api.w.org\/{rel}","templated":true}]}}