{"id":2094,"date":"2020-08-28T17:33:39","date_gmt":"2020-08-28T15:33:39","guid":{"rendered":"https:\/\/visionslabs.io\/blog\/"},"modified":"2021-10-12T16:33:30","modified_gmt":"2021-10-12T14:33:30","slug":"blog","status":"publish","type":"page","link":"https:\/\/visionslabs.io\/en\/blog\/","title":{"rendered":"Blog"},"content":{"rendered":"<section class=\"l-section wpb_row height_medium width_full\" id=\"blog\"><div class=\"l-section-h i-cf\"><div class=\"g-cols vc_row via_flex valign_top type_default stacking_default\"><div class=\"vc_col-sm-12 wpb_column vc_column_container\"><div class=\"vc_column-inner\"><div class=\"wpb_wrapper\"><div class=\"w-grid type_grid layout_873 cols_2 pagination_ajax overflow_hidden with_filters\" id=\"us_grid_1\" style=\"--gap:1.5rem;\"><style>@media (max-width:600px){#us_grid_1 .w-grid-list{margin:0}#us_grid_1 .w-grid-item{width:100%;padding:0;margin-bottom:var(--gap,0px)}}.layout_873 .w-grid-item-h{border-radius:0.5rem;box-shadow:0 0.05rem 0.1rem rgba(0,0,0,0.1),0 0.17rem 0.5rem rgba(0,0,0,0.1);transition-duration:0.3s}.no-touch .layout_873 .w-grid-item-h:hover{box-shadow:0 0.15rem 0.3rem rgba(0,0,0,0.1),0 0.5rem 1.5rem rgba(0,0,0,0.15);z-index:4}.layout_873 .usg_post_image_1{transition-duration:0.3s;transform-origin:50% 50%;transform:scale(1) translate(0%,0%)}.layout_873 .w-grid-item-h:hover .usg_post_image_1{transform:scale(1.20) translate(0%,0%);opacity:1}.layout_873 .usg_vwrapper_1{position:absolute!important;left:0!important;bottom:0!important;right:0!important;background:linear-gradient(0deg,#360033,rgba(0,0,0,0))!important;padding:5rem 8% 1.5rem 8%!important}.layout_873 .usg_post_title_1{color:#fff!important;font-size:1.2rem!important;font-weight:700!important;margin-bottom:0.3rem!important}.layout_873 .usg_hwrapper_1{color:#fff!important;font-size:0.9rem!important}<\/style><div class=\"g-filters style_2 align_center\"><button class=\"g-filters-item active\" data-taxonomy=\"*\"><span>All<\/span><\/button><button class=\"g-filters-item\" data-taxonomy=\"interesting-facts\" data-amount=\"5\"><span>Interesting facts<\/span><span class=\"g-filters-item-amount\">5<\/span><\/button><button class=\"g-filters-item\" data-taxonomy=\"mobile-application\" data-amount=\"1\"><span>Mobile application<\/span><span class=\"g-filters-item-amount\">1<\/span><\/button><button class=\"g-filters-item\" data-taxonomy=\"uncategorized\" data-amount=\"6\"><span>Uncategorized<\/span><span class=\"g-filters-item-amount\">6<\/span><\/button><button class=\"g-filters-item\" data-taxonomy=\"web-applications\" data-amount=\"1\"><span>Web applications<\/span><span class=\"g-filters-item-amount\">1<\/span><\/button><\/div><div class=\"w-grid-list\" data-filter_taxonomy_name=\"category\">\t<article class=\"w-grid-item size_1x1 post-3680 post type-post status-publish format-standard has-post-thumbnail hentry category-interesting-facts category-mobile-application category-uncategorized tag-android-en tag-android-jetpack-en tag-google-en tag-hilt-en tag-java-en tag-kotlin-en tag-livedata-en tag-mvvm-en tag-room-en tag-scc-en tag-workarys\" data-id=\"3680\">\r\n\t\t<div class=\"w-grid-item-h\">\r\n\t\t\t\t\t\t<div class=\"w-post-elm post_image usg_post_image_1 has_ratio\"><a href=\"https:\/\/visionslabs.io\/en\/rewriting-the-entire-mobile-app-on-android\/\" aria-label=\"Rewriting the entire mobile app on Android\"><img decoding=\"async\" width=\"1024\" height=\"538\" src=\"https:\/\/visionslabs.io\/wp-content\/uploads\/2022\/08\/visionslabs-android-porovnani-aplikaci-moje-hodinovka-mvvm-kotlin-1024x538.jpg\" class=\"attachment-large size-large wp-post-image\" alt=\"Android - porovn\u00e1n\u00ed aplikac\u00ed - moje hodinovka - mvvm kotlin\" \/><\/a><div style=\"padding-bottom:100%\"><\/div><\/div><div class=\"w-vwrapper usg_vwrapper_1 align_left valign_bottom\"><h2 class=\"w-post-elm post_title usg_post_title_1 has_text_color entry-title color_link_inherit\"><a href=\"https:\/\/visionslabs.io\/en\/rewriting-the-entire-mobile-app-on-android\/\">Rewriting the entire mobile app on Android<\/a><\/h2><div class=\"w-hwrapper usg_hwrapper_1 has_text_color align_left valign_top wrap\"><time class=\"w-post-elm post_date usg_post_date_1 entry-date published\" datetime=\"2022-08-19T14:38:04+02:00\"><i class=\"fal fa-calendar\"><\/i>19. 8. 2022<\/time><div class=\"w-post-elm post_author usg_post_author_1 vcard author color_link_inherit\"><i class=\"fal fa-user\"><\/i><div class=\"post-author-meta\"><a href=\"https:\/\/visionslabs.io\/en\/author\/admn_podmolik\/\" class=\"post-author-name fn\">Leopold Podmol\u00edk<\/a><\/div><\/div><\/div><\/div>\t\t<\/div>\r\n\t\t\t<\/article>\r\n\t<article class=\"w-grid-item size_1x1 post-3651 post type-post status-publish format-standard has-post-thumbnail hentry category-interesting-facts category-uncategorized tag-gutenberg-en tag-website tag-wordpress-en tag-wordpress-6-en\" data-id=\"3651\">\r\n\t\t<div class=\"w-grid-item-h\">\r\n\t\t\t\t\t\t<div class=\"w-post-elm post_image usg_post_image_1 has_ratio\"><a href=\"https:\/\/visionslabs.io\/en\/wordpress-6-0-is-coming\/\" aria-label=\"WordPress 6.0 is coming\"><img decoding=\"async\" width=\"1024\" height=\"538\" src=\"https:\/\/visionslabs.io\/wp-content\/uploads\/2022\/05\/visionslabs-wordpress-6_0-1024x538.jpg\" class=\"attachment-large size-large wp-post-image\" alt=\"WordPress 6.0 p\u0159ich\u00e1z\u00ed\" \/><\/a><div style=\"padding-bottom:100%\"><\/div><\/div><div class=\"w-vwrapper usg_vwrapper_1 align_left valign_bottom\"><h2 class=\"w-post-elm post_title usg_post_title_1 has_text_color entry-title color_link_inherit\"><a href=\"https:\/\/visionslabs.io\/en\/wordpress-6-0-is-coming\/\">WordPress 6.0 is coming<\/a><\/h2><div class=\"w-hwrapper usg_hwrapper_1 has_text_color align_left valign_top wrap\"><time class=\"w-post-elm post_date usg_post_date_1 entry-date published\" datetime=\"2022-05-30T11:17:37+02:00\"><i class=\"fal fa-calendar\"><\/i>30. 5. 2022<\/time><div class=\"w-post-elm post_author usg_post_author_1 vcard author color_link_inherit\"><i class=\"fal fa-user\"><\/i><div class=\"post-author-meta\"><a href=\"https:\/\/visionslabs.io\/en\/author\/admn_podmolik\/\" class=\"post-author-name fn\">Leopold Podmol\u00edk<\/a><\/div><\/div><\/div><\/div>\t\t<\/div>\r\n\t\t\t<\/article>\r\n\t<article class=\"w-grid-item size_1x1 post-3612 post type-post status-publish format-standard has-post-thumbnail hentry category-interesting-facts category-uncategorized tag-support-portal-en tag-website tag-wordpress-en\" data-id=\"3612\">\r\n\t\t<div class=\"w-grid-item-h\">\r\n\t\t\t\t\t\t<div class=\"w-post-elm post_image usg_post_image_1 has_ratio\"><a href=\"https:\/\/visionslabs.io\/en\/wordpress-portal-support\/\" aria-label=\"WordPress portal support\"><img decoding=\"async\" width=\"1024\" height=\"538\" src=\"https:\/\/visionslabs.io\/wp-content\/uploads\/2022\/04\/visionslabs-support-portal-pro-wordpress-1024x538.jpg\" class=\"attachment-large size-large wp-post-image\" alt=\"Support portal pro wordpress\" \/><\/a><div style=\"padding-bottom:100%\"><\/div><\/div><div class=\"w-vwrapper usg_vwrapper_1 align_left valign_bottom\"><h2 class=\"w-post-elm post_title usg_post_title_1 has_text_color entry-title color_link_inherit\"><a href=\"https:\/\/visionslabs.io\/en\/wordpress-portal-support\/\">WordPress portal support<\/a><\/h2><div class=\"w-hwrapper usg_hwrapper_1 has_text_color align_left valign_top wrap\"><time class=\"w-post-elm post_date usg_post_date_1 entry-date published\" datetime=\"2022-04-07T15:09:17+02:00\"><i class=\"fal fa-calendar\"><\/i>7. 4. 2022<\/time><div class=\"w-post-elm post_author usg_post_author_1 vcard author color_link_inherit\"><i class=\"fal fa-user\"><\/i><div class=\"post-author-meta\"><a href=\"https:\/\/visionslabs.io\/en\/author\/admn_podmolik\/\" class=\"post-author-name fn\">Leopold Podmol\u00edk<\/a><\/div><\/div><\/div><\/div>\t\t<\/div>\r\n\t\t\t<\/article>\r\n\t<article class=\"w-grid-item size_1x1 post-2921 post type-post status-publish format-standard has-post-thumbnail hentry category-interesting-facts category-web-applications tag-angular-en tag-apache2-en-2 tag-express-en-2 tag-graphql-en tag-mongodb-en-2 tag-mysql-en-2 tag-nestjs-en tag-node-js-en-2 tag-pm2-en tag-rest-api-en tag-typescript-en-2\" data-id=\"2921\">\r\n\t\t<div class=\"w-grid-item-h\">\r\n\t\t\t\t\t\t<div class=\"w-post-elm post_image usg_post_image_1 has_ratio\"><a href=\"https:\/\/visionslabs.io\/en\/nestjs-backend-framework-for-web-applications\/\" aria-label=\"NestJS &#8211; backend framework for web applications\"><img decoding=\"async\" width=\"1024\" height=\"538\" src=\"https:\/\/visionslabs.io\/wp-content\/uploads\/2021\/03\/visionslabs-NestJS-backend-framework-pro-webove-aplikace-1024x538.jpg\" class=\"attachment-large size-large wp-post-image\" alt=\"NestJS - backend framework pro webov\u00e9 aplikace\" \/><\/a><div style=\"padding-bottom:100%\"><\/div><\/div><div class=\"w-vwrapper usg_vwrapper_1 align_left valign_bottom\"><h2 class=\"w-post-elm post_title usg_post_title_1 has_text_color entry-title color_link_inherit\"><a href=\"https:\/\/visionslabs.io\/en\/nestjs-backend-framework-for-web-applications\/\">NestJS &#8211; backend framework for web applications<\/a><\/h2><div class=\"w-hwrapper usg_hwrapper_1 has_text_color align_left valign_top wrap\"><time class=\"w-post-elm post_date usg_post_date_1 entry-date published\" datetime=\"2021-03-25T17:35:29+01:00\"><i class=\"fal fa-calendar\"><\/i>25. 3. 2021<\/time><div class=\"w-post-elm post_author usg_post_author_1 vcard author color_link_inherit\"><i class=\"fal fa-user\"><\/i><div class=\"post-author-meta\"><a href=\"https:\/\/visionslabs.io\/en\/author\/admn_podmolik\/\" class=\"post-author-name fn\">Leopold Podmol\u00edk<\/a><\/div><\/div><\/div><\/div>\t\t<\/div>\r\n\t\t\t<\/article>\r\n\t<article class=\"w-grid-item size_1x1 post-2733 post type-post status-publish format-standard has-post-thumbnail hentry category-uncategorized tag-2020-en tag-centrum-vzdelavani-cz-en tag-czeclick-en tag-mobile-application tag-web-applications tag-website tag-workarys\" data-id=\"2733\">\r\n\t\t<div class=\"w-grid-item-h\">\r\n\t\t\t\t\t\t<div class=\"w-post-elm post_image usg_post_image_1 has_ratio\"><a href=\"https:\/\/visionslabs.io\/en\/looking-back-on-2020\/\" aria-label=\"Looking back on 2020\"><img decoding=\"async\" width=\"1024\" height=\"538\" src=\"https:\/\/visionslabs.io\/wp-content\/uploads\/2021\/01\/visionslabs-jaky-byl-rok-2020-1024x538.jpg\" class=\"attachment-large size-large wp-post-image\" alt=\"Jak\u00fd byl rok 2020 ?\" \/><\/a><div style=\"padding-bottom:100%\"><\/div><\/div><div class=\"w-vwrapper usg_vwrapper_1 align_left valign_bottom\"><h2 class=\"w-post-elm post_title usg_post_title_1 has_text_color entry-title color_link_inherit\"><a href=\"https:\/\/visionslabs.io\/en\/looking-back-on-2020\/\">Looking back on 2020<\/a><\/h2><div class=\"w-hwrapper usg_hwrapper_1 has_text_color align_left valign_top wrap\"><time class=\"w-post-elm post_date usg_post_date_1 entry-date published\" datetime=\"2021-01-27T16:33:36+01:00\"><i class=\"fal fa-calendar\"><\/i>27. 1. 2021<\/time><div class=\"w-post-elm post_author usg_post_author_1 vcard author color_link_inherit\"><i class=\"fal fa-user\"><\/i><div class=\"post-author-meta\"><a href=\"https:\/\/visionslabs.io\/en\/author\/admn_podmolik\/\" class=\"post-author-name fn\">Leopold Podmol\u00edk<\/a><\/div><\/div><\/div><\/div>\t\t<\/div>\r\n\t\t\t<\/article>\r\n\t<article class=\"w-grid-item size_1x1 post-2564 post type-post status-publish format-standard hentry category-interesting-facts tag-brno-en tag-web-en\" data-id=\"2564\">\r\n\t\t<div class=\"w-grid-item-h\">\r\n\t\t\t\t\t\t<div class=\"w-post-elm post_image usg_post_image_1 has_ratio with_placeholder\"><a href=\"https:\/\/visionslabs.io\/en\/launch-the-visionslabs-io-web-site\/\" aria-label=\"Launch the Visionslabs.io Web site\"><img decoding=\"async\" class=\"g-placeholder\" src=\"https:\/\/visionslabs.io\/wp-content\/plugins\/us-core\/assets\/images\/placeholder.svg\" width=\"1024\" height=\"1024\" alt><\/a><div style=\"padding-bottom:100%\"><\/div><\/div><div class=\"w-vwrapper usg_vwrapper_1 align_left valign_bottom\"><h2 class=\"w-post-elm post_title usg_post_title_1 has_text_color entry-title color_link_inherit\"><a href=\"https:\/\/visionslabs.io\/en\/launch-the-visionslabs-io-web-site\/\">Launch the Visionslabs.io Web site<\/a><\/h2><div class=\"w-hwrapper usg_hwrapper_1 has_text_color align_left valign_top wrap\"><time class=\"w-post-elm post_date usg_post_date_1 entry-date published\" datetime=\"2020-10-19T00:54:14+02:00\"><i class=\"fal fa-calendar\"><\/i>19. 10. 2020<\/time><div class=\"w-post-elm post_author usg_post_author_1 vcard author color_link_inherit\"><i class=\"fal fa-user\"><\/i><div class=\"post-author-meta\"><a href=\"https:\/\/visionslabs.io\/en\/author\/admn_podmolik\/\" class=\"post-author-name fn\">Leopold Podmol\u00edk<\/a><\/div><\/div><\/div><\/div>\t\t<\/div>\r\n\t\t\t<\/article>\r\n<\/div><div class=\"w-grid-preloader\">\t<div class=\"g-preloader type_1\">\r\n\t\t<div><\/div>\r\n\t<\/div>\r\n\t<\/div>\t<div class=\"w-grid-json hidden\" onclick='return {&quot;action&quot;:&quot;us_ajax_grid&quot;,&quot;infinite_scroll&quot;:0,&quot;max_num_pages&quot;:1,&quot;pagination&quot;:&quot;ajax&quot;,&quot;template_vars&quot;:{&quot;columns&quot;:&quot;2&quot;,&quot;exclude_items&quot;:&quot;none&quot;,&quot;img_size&quot;:&quot;default&quot;,&quot;ignore_items_size&quot;:0,&quot;items_layout&quot;:&quot;873&quot;,&quot;items_offset&quot;:&quot;1&quot;,&quot;load_animation&quot;:&quot;none&quot;,&quot;overriding_link&quot;:&quot;{\\&quot;url\\&quot;:\\&quot;\\&quot;}&quot;,&quot;post_id&quot;:0,&quot;query_args&quot;:{&quot;post_type&quot;:[&quot;post&quot;],&quot;post_status&quot;:[&quot;publish&quot;],&quot;posts_per_page&quot;:&quot;6&quot;},&quot;orderby_query_args&quot;:{&quot;orderby&quot;:{&quot;date&quot;:&quot;DESC&quot;}},&quot;type&quot;:&quot;grid&quot;,&quot;us_grid_post_type&quot;:&quot;post&quot;,&quot;us_grid_ajax_index&quot;:1,&quot;us_grid_filter_query_string&quot;:null,&quot;us_grid_index&quot;:1,&quot;page_args&quot;:[],&quot;lang&quot;:&quot;en&quot;}}'><\/div>\r\n\t<\/div><div class=\"w-separator size_medium\"><\/div><\/div><\/div><\/div><\/div><\/div><\/section>\n","protected":false},"excerpt":{"rendered":"After long preparations, we launched the visionslabs.io website at the beginning of June. Visionslabs Digital Studio was established as the name of the IT division of Computer Service s.r.o. Why did we run visionslabs.io? The company Po\u010d\u00edta\u010dov\u00e1 slu\u017eba s.r.o. has been using the CENTRUM-VZD\u011aL\u00c1V\u00c1N\u00cd.CZ trademark in recent years, because the majority of it deals with...","protected":false},"author":1,"featured_media":0,"parent":0,"menu_order":3,"comment_status":"closed","ping_status":"closed","template":"","meta":{"footnotes":""},"class_list":["post-2094","page","type-page","status-publish","hentry"],"yoast_head":"<!-- This site is optimized with the Yoast SEO plugin v26.6 - https:\/\/yoast.com\/wordpress\/plugins\/seo\/ -->\n<title>Blog - visionslabs<\/title>\n<meta name=\"description\" content=\"Within our blog we try to inform about news in the field, ie. around the web, mobile applications or digital marketing.\" \/>\n<meta name=\"robots\" content=\"index, follow, max-snippet:-1, max-image-preview:large, max-video-preview:-1\" \/>\n<link rel=\"canonical\" href=\"https:\/\/visionslabs.io\/en\/blog\/\" \/>\n<meta property=\"og:locale\" content=\"en_US\" \/>\n<meta property=\"og:type\" content=\"article\" \/>\n<meta property=\"og:title\" content=\"Blog - visionslabs\" \/>\n<meta property=\"og:description\" content=\"Within our blog we try to inform about news in the field, ie. around the web, mobile applications or digital marketing.\" \/>\n<meta property=\"og:url\" content=\"https:\/\/visionslabs.io\/en\/blog\/\" \/>\n<meta property=\"og:site_name\" content=\"visionslabs\" \/>\n<meta property=\"article:publisher\" content=\"https:\/\/facebook.com\/visionslabs\/\" \/>\n<meta property=\"article:modified_time\" content=\"2021-10-12T14:33:30+00:00\" \/>\n<meta property=\"og:image\" content=\"https:\/\/visionslabs.io\/wp-content\/uploads\/2020\/08\/visionslabs-preview.jpg\" \/>\n\t<meta property=\"og:image:width\" content=\"1200\" \/>\n\t<meta property=\"og:image:height\" content=\"630\" \/>\n\t<meta property=\"og:image:type\" content=\"image\/jpeg\" \/>\n<meta name=\"twitter:card\" content=\"summary_large_image\" \/>\n<meta name=\"twitter:site\" content=\"@visionslabs\" \/>\n<script type=\"application\/ld+json\" class=\"yoast-schema-graph\">{\"@context\":\"https:\/\/schema.org\",\"@graph\":[{\"@type\":\"WebPage\",\"@id\":\"https:\/\/visionslabs.io\/en\/blog\/\",\"url\":\"https:\/\/visionslabs.io\/en\/blog\/\",\"name\":\"Blog - visionslabs\",\"isPartOf\":{\"@id\":\"https:\/\/visionslabs.io\/en\/#website\"},\"datePublished\":\"2020-08-28T15:33:39+00:00\",\"dateModified\":\"2021-10-12T14:33:30+00:00\",\"description\":\"Within our blog we try to inform about news in the field, ie. around the web, mobile applications or digital marketing.\",\"breadcrumb\":{\"@id\":\"https:\/\/visionslabs.io\/en\/blog\/#breadcrumb\"},\"inLanguage\":\"en-US\",\"potentialAction\":[{\"@type\":\"ReadAction\",\"target\":[\"https:\/\/visionslabs.io\/en\/blog\/\"]}]},{\"@type\":\"BreadcrumbList\",\"@id\":\"https:\/\/visionslabs.io\/en\/blog\/#breadcrumb\",\"itemListElement\":[{\"@type\":\"ListItem\",\"position\":1,\"name\":\"Home\",\"item\":\"https:\/\/visionslabs.io\/en\/\"},{\"@type\":\"ListItem\",\"position\":2,\"name\":\"Blog\"}]},{\"@type\":\"WebSite\",\"@id\":\"https:\/\/visionslabs.io\/en\/#website\",\"url\":\"https:\/\/visionslabs.io\/en\/\",\"name\":\"visionslabs\",\"description\":\"Digit\u00e1ln\u00ed studio visionslabs se zab\u00fdv\u00e1 tvorbou web\u016f, aplikac\u00ed a digit\u00e1ln\u00edm marketingem\",\"publisher\":{\"@id\":\"https:\/\/visionslabs.io\/en\/#organization\"},\"potentialAction\":[{\"@type\":\"SearchAction\",\"target\":{\"@type\":\"EntryPoint\",\"urlTemplate\":\"https:\/\/visionslabs.io\/en\/?s={search_term_string}\"},\"query-input\":{\"@type\":\"PropertyValueSpecification\",\"valueRequired\":true,\"valueName\":\"search_term_string\"}}],\"inLanguage\":\"en-US\"},{\"@type\":\"Organization\",\"@id\":\"https:\/\/visionslabs.io\/en\/#organization\",\"name\":\"VisionsLabs - Po\u010d\u00edta\u010dov\u00e1 slu\u017eba s.r.o.\",\"url\":\"https:\/\/visionslabs.io\/en\/\",\"logo\":{\"@type\":\"ImageObject\",\"inLanguage\":\"en-US\",\"@id\":\"https:\/\/visionslabs.io\/en\/#\/schema\/logo\/image\/\",\"url\":\"https:\/\/visionslabs.io\/wp-content\/uploads\/2020\/07\/visionslabs-logo-icon-1.svg\",\"contentUrl\":\"https:\/\/visionslabs.io\/wp-content\/uploads\/2020\/07\/visionslabs-logo-icon-1.svg\",\"width\":317,\"height\":90,\"caption\":\"VisionsLabs - Po\u010d\u00edta\u010dov\u00e1 slu\u017eba s.r.o.\"},\"image\":{\"@id\":\"https:\/\/visionslabs.io\/en\/#\/schema\/logo\/image\/\"},\"sameAs\":[\"https:\/\/facebook.com\/visionslabs\/\",\"https:\/\/x.com\/visionslabs\",\"https:\/\/www.instagram.com\/visionslabs\/\",\"https:\/\/www.linkedin.com\/company\/visionslabs\"]}]}<\/script>\n<!-- \/ Yoast SEO plugin. -->","yoast_head_json":{"title":"Blog - visionslabs","description":"Within our blog we try to inform about news in the field, ie. around the web, mobile applications or digital marketing.","robots":{"index":"index","follow":"follow","max-snippet":"max-snippet:-1","max-image-preview":"max-image-preview:large","max-video-preview":"max-video-preview:-1"},"canonical":"https:\/\/visionslabs.io\/en\/blog\/","og_locale":"en_US","og_type":"article","og_title":"Blog - visionslabs","og_description":"Within our blog we try to inform about news in the field, ie. around the web, mobile applications or digital marketing.","og_url":"https:\/\/visionslabs.io\/en\/blog\/","og_site_name":"visionslabs","article_publisher":"https:\/\/facebook.com\/visionslabs\/","article_modified_time":"2021-10-12T14:33:30+00:00","og_image":[{"width":1200,"height":630,"url":"https:\/\/visionslabs.io\/wp-content\/uploads\/2020\/08\/visionslabs-preview.jpg","type":"image\/jpeg"}],"twitter_card":"summary_large_image","twitter_site":"@visionslabs","schema":{"@context":"https:\/\/schema.org","@graph":[{"@type":"WebPage","@id":"https:\/\/visionslabs.io\/en\/blog\/","url":"https:\/\/visionslabs.io\/en\/blog\/","name":"Blog - visionslabs","isPartOf":{"@id":"https:\/\/visionslabs.io\/en\/#website"},"datePublished":"2020-08-28T15:33:39+00:00","dateModified":"2021-10-12T14:33:30+00:00","description":"Within our blog we try to inform about news in the field, ie. around the web, mobile applications or digital marketing.","breadcrumb":{"@id":"https:\/\/visionslabs.io\/en\/blog\/#breadcrumb"},"inLanguage":"en-US","potentialAction":[{"@type":"ReadAction","target":["https:\/\/visionslabs.io\/en\/blog\/"]}]},{"@type":"BreadcrumbList","@id":"https:\/\/visionslabs.io\/en\/blog\/#breadcrumb","itemListElement":[{"@type":"ListItem","position":1,"name":"Home","item":"https:\/\/visionslabs.io\/en\/"},{"@type":"ListItem","position":2,"name":"Blog"}]},{"@type":"WebSite","@id":"https:\/\/visionslabs.io\/en\/#website","url":"https:\/\/visionslabs.io\/en\/","name":"visionslabs","description":"Digit\u00e1ln\u00ed studio visionslabs se zab\u00fdv\u00e1 tvorbou web\u016f, aplikac\u00ed a digit\u00e1ln\u00edm marketingem","publisher":{"@id":"https:\/\/visionslabs.io\/en\/#organization"},"potentialAction":[{"@type":"SearchAction","target":{"@type":"EntryPoint","urlTemplate":"https:\/\/visionslabs.io\/en\/?s={search_term_string}"},"query-input":{"@type":"PropertyValueSpecification","valueRequired":true,"valueName":"search_term_string"}}],"inLanguage":"en-US"},{"@type":"Organization","@id":"https:\/\/visionslabs.io\/en\/#organization","name":"VisionsLabs - Po\u010d\u00edta\u010dov\u00e1 slu\u017eba s.r.o.","url":"https:\/\/visionslabs.io\/en\/","logo":{"@type":"ImageObject","inLanguage":"en-US","@id":"https:\/\/visionslabs.io\/en\/#\/schema\/logo\/image\/","url":"https:\/\/visionslabs.io\/wp-content\/uploads\/2020\/07\/visionslabs-logo-icon-1.svg","contentUrl":"https:\/\/visionslabs.io\/wp-content\/uploads\/2020\/07\/visionslabs-logo-icon-1.svg","width":317,"height":90,"caption":"VisionsLabs - Po\u010d\u00edta\u010dov\u00e1 slu\u017eba s.r.o."},"image":{"@id":"https:\/\/visionslabs.io\/en\/#\/schema\/logo\/image\/"},"sameAs":["https:\/\/facebook.com\/visionslabs\/","https:\/\/x.com\/visionslabs","https:\/\/www.instagram.com\/visionslabs\/","https:\/\/www.linkedin.com\/company\/visionslabs"]}]}},"jetpack_sharing_enabled":true,"_links":{"self":[{"href":"https:\/\/visionslabs.io\/en\/wp-json\/wp\/v2\/pages\/2094","targetHints":{"allow":["GET"]}}],"collection":[{"href":"https:\/\/visionslabs.io\/en\/wp-json\/wp\/v2\/pages"}],"about":[{"href":"https:\/\/visionslabs.io\/en\/wp-json\/wp\/v2\/types\/page"}],"author":[{"embeddable":true,"href":"https:\/\/visionslabs.io\/en\/wp-json\/wp\/v2\/users\/1"}],"replies":[{"embeddable":true,"href":"https:\/\/visionslabs.io\/en\/wp-json\/wp\/v2\/comments?post=2094"}],"version-history":[{"count":0,"href":"https:\/\/visionslabs.io\/en\/wp-json\/wp\/v2\/pages\/2094\/revisions"}],"wp:attachment":[{"href":"https:\/\/visionslabs.io\/en\/wp-json\/wp\/v2\/media?parent=2094"}],"curies":[{"name":"wp","href":"https:\/\/api.w.org\/{rel}","templated":true}]}}