{"id":2487,"date":"2020-10-19T00:26:47","date_gmt":"2020-10-18T22:26:47","guid":{"rendered":"https:\/\/visionslabs.io\/kontakty\/"},"modified":"2020-10-19T00:27:00","modified_gmt":"2020-10-18T22:27:00","slug":"kontakty","status":"publish","type":"page","link":"https:\/\/visionslabs.io\/sk\/kontakty\/","title":{"rendered":"Kontakty"},"content":{"rendered":"<section class=\"l-section wpb_row height_large\"><div class=\"l-section-h i-cf\"><div class=\"g-cols vc_row via_flex valign_top type_default stacking_default\"><div class=\"vc_col-sm-6 wpb_column vc_column_container\"><div class=\"vc_column-inner\"><div class=\"wpb_wrapper\"><div class=\"wpb_text_column\"><div class=\"wpb_wrapper\"><h2 class=\"base-heading\" style=\"text-align: center;\">S k\u00fdm sa u n\u00e1s stretnete?<\/h2>\n<\/div><\/div><div class=\"w-separator size_small\"><\/div><div class=\"g-cols wpb_row via_flex valign_top type_default stacking_default\"><div class=\"vc_col-sm-6 wpb_column vc_column_container\"><div class=\"vc_column-inner\"><div class=\"wpb_wrapper\"><div class=\"w-person layout_simple_circle with_socials\" itemscope itemtype=\"https:\/\/schema.org\/Person\"><div class=\"w-person-image\"><img decoding=\"async\" width=\"878\" height=\"878\" src=\"https:\/\/visionslabs.io\/wp-content\/uploads\/2020\/07\/Foto_Podmolik.png\" class=\"attachment-full size-full\" alt=\"\" itemprop=\"image\" srcset=\"https:\/\/visionslabs.io\/wp-content\/uploads\/2020\/07\/Foto_Podmolik.png 878w, https:\/\/visionslabs.io\/wp-content\/uploads\/2020\/07\/Foto_Podmolik-300x300.png 300w, https:\/\/visionslabs.io\/wp-content\/uploads\/2020\/07\/Foto_Podmolik-150x150.png 150w, https:\/\/visionslabs.io\/wp-content\/uploads\/2020\/07\/Foto_Podmolik-400x400.png 400w\" sizes=\"(max-width: 878px) 100vw, 878px\" \/><\/div><div class=\"w-person-content\"><h4 itemprop=\"name\" class=\"w-person-name\"><span>Ing. Leopold Podmol\u00edk<\/span><\/h4><div class=\"w-person-role\" itemprop=\"jobTitle\">CTO<\/div><div class=\"w-person-links\"><div class=\"w-person-links-list\"><a href=\"mailto:podmolik@visionslabs.io\" class=\"w-person-links-item type_email\" title=\"E-mail\"><i class=\"fas fa-envelope\"><\/i><\/a><a href=\"https:\/\/twitter.com\/podmolik\" class=\"w-person-links-item type_twitter\" title=\"X\" target=\"_blank\" rel=\"nofollow\"><i class=\"fab fa-x-twitter\"><svg style=\"width:1em; margin-bottom:-.1em;\" xmlns=\"http:\/\/www.w3.org\/2000\/svg\" viewBox=\"0 0 512 512\"><path fill=\"currentColor\" d=\"M389.2 48h70.6L305.6 224.2 487 464H345L233.7 318.6 106.5 464H35.8L200.7 275.5 26.8 48H172.4L272.9 180.9 389.2 48zM364.4 421.8h39.1L151.1 88h-42L364.4 421.8z\"\/><\/svg><\/i><\/a><a href=\"https:\/\/www.linkedin.com\/in\/leopoldpodmolik\/\" class=\"w-person-links-item type_linkedin\" title=\"LinkedIn\" target=\"_blank\" rel=\"nofollow\"><i class=\"fab fa-linkedin\"><\/i><\/a><a target=\"_blank\" rel=\"nofollow\" href=\"https:\/\/github.com\/LeopoldPodmolik\" class=\"w-person-links-item type_custom_link\"><i class=\"fab fa-github\"><\/i><\/a><\/div><\/div><\/div><\/div><\/div><\/div><\/div><div class=\"vc_col-sm-6 wpb_column vc_column_container\"><div class=\"vc_column-inner\"><div class=\"wpb_wrapper\"><div class=\"w-person layout_simple_circle with_socials\" itemscope itemtype=\"https:\/\/schema.org\/Person\"><div class=\"w-person-image\"><img decoding=\"async\" width=\"600\" height=\"600\" src=\"https:\/\/visionslabs.io\/wp-content\/uploads\/2020\/07\/Leopold_Podmolik.jpg\" class=\"attachment-full size-full\" alt=\"Leopold Podmol\u00edk - CEO\" itemprop=\"image\" srcset=\"https:\/\/visionslabs.io\/wp-content\/uploads\/2020\/07\/Leopold_Podmolik.jpg 600w, https:\/\/visionslabs.io\/wp-content\/uploads\/2020\/07\/Leopold_Podmolik-300x300.jpg 300w, https:\/\/visionslabs.io\/wp-content\/uploads\/2020\/07\/Leopold_Podmolik-150x150.jpg 150w, https:\/\/visionslabs.io\/wp-content\/uploads\/2020\/07\/Leopold_Podmolik-400x400.jpg 400w\" sizes=\"(max-width: 600px) 100vw, 600px\" \/><\/div><div class=\"w-person-content\"><h4 itemprop=\"name\" class=\"w-person-name\"><span>Ing. Leopold Podmol\u00edk, MBA<\/span><\/h4><div class=\"w-person-role\" itemprop=\"jobTitle\">CEO &amp;amp; founder<\/div><div class=\"w-person-links\"><div class=\"w-person-links-list\"><a href=\"mailto:lpodmolik@poc-sluzba.cz\" class=\"w-person-links-item type_email\" title=\"E-mail\"><i class=\"fas fa-envelope\"><\/i><\/a><a href=\"https:\/\/www.linkedin.com\/in\/leopold-podmol\u00edk-3b779290\/\" class=\"w-person-links-item type_linkedin\" title=\"LinkedIn\" target=\"_blank\" rel=\"nofollow\"><i class=\"fab fa-linkedin\"><\/i><\/a><\/div><\/div><\/div><\/div><\/div><\/div><\/div><\/div><\/div><\/div><\/div><div class=\"vc_col-sm-6 wpb_column vc_column_container\"><div class=\"vc_column-inner\"><div class=\"wpb_wrapper\"><div class=\"wpb_text_column\"><div class=\"wpb_wrapper\"><h2 style=\"text-align: center;\">Kontakty<\/h2>\n<\/div><\/div><div class=\"w-separator size_small\"><\/div><div class=\"g-cols wpb_row via_flex valign_top type_default stacking_default\"><div class=\"vc_col-sm-6 wpb_column vc_column_container\"><div class=\"vc_column-inner\"><div class=\"wpb_wrapper\"><div class=\"w-iconbox iconpos_top style_default color_primary align_center\"><a title=\"607 269 555\" href=\"tel:607269555\" class=\"w-iconbox-link\" aria-label=\"+420 607 269 555\"><div class=\"w-iconbox-icon\" style=\"font-size:50px;\"><i class=\"fal fa-phone\"><\/i><\/div><\/a><div class=\"w-iconbox-meta\"><a title=\"607 269 555\" href=\"tel:607269555\" class=\"w-iconbox-link\" aria-label=\"+420 607 269 555\"><h4 class=\"w-iconbox-title\">+420 607 269 555<\/h4><\/a><div class=\"w-iconbox-text\"><p style=\"text-align: center;\">Volajte Po-Pia 9-16hod<\/p>\n<\/div><\/div><\/div><\/div><\/div><\/div><div class=\"vc_col-sm-6 wpb_column vc_column_container\"><div class=\"vc_column-inner\"><div class=\"wpb_wrapper\"><div class=\"w-iconbox iconpos_top style_default color_primary align_center\"><a title=\"E-mail Hello@visionslabs.io\" href=\"mailto:hello@visionslabs.io\" class=\"w-iconbox-link\" aria-label=\"hello@visionslabs.io\"><div class=\"w-iconbox-icon\" style=\"font-size:50px;\"><i class=\"fal fa-envelope\"><\/i><\/div><\/a><div class=\"w-iconbox-meta\"><a title=\"E-mail Hello@visionslabs.io\" href=\"mailto:hello@visionslabs.io\" class=\"w-iconbox-link\" aria-label=\"hello@visionslabs.io\"><h4 class=\"w-iconbox-title\">hello@visionslabs.io<\/h4><\/a><div class=\"w-iconbox-text\"><p style=\"text-align: center;\">Nap\u00ed\u0161te n\u00e1m na email<\/p>\n<\/div><\/div><\/div><\/div><\/div><\/div><\/div><div class=\"w-separator size_medium\"><\/div><div class=\"wpb_text_column\"><div class=\"wpb_wrapper\"><h3 style=\"text-align: center;\">Ako n\u00e1s kontaktova\u0165?<\/h3>\n<p>M\u00f4\u017eeme sa stretn\u00fa\u0165 v&nbsp;Brne, ale aj n\u00e1s m\u00f4\u017eete kontaktova\u0165 cez e-mail, soci\u00e1lne siete alebo vyu\u017ei\u0165 formul\u00e1r ni\u017e\u0161ie.<\/p>\n<\/div><\/div><\/div><\/div><\/div><\/div><\/div><\/section><section class=\"l-section wpb_row height_huge color_alternate with_shape\"><div class=\"l-section-shape type_curve-inv pos_top\" style=\"height:5vh;\"><svg xmlns=\"http:\/\/www.w3.org\/2000\/svg\" viewBox=\"0 8 64 8\" preserveAspectRatio=\"none\" width=\"100%\" height=\"100%\">\r\n\t<path fill=\"currentColor\" d=\"M64 15.9 Q32 0.4 0 15.9 L0 18 L64 18 Z\"\/>\r\n<\/svg><\/div><div class=\"l-section-shape type_curve-inv pos_bottom\" style=\"height:5vh;\"><svg xmlns=\"http:\/\/www.w3.org\/2000\/svg\" viewBox=\"0 8 64 8\" preserveAspectRatio=\"none\" width=\"100%\" height=\"100%\">\r\n\t<path fill=\"currentColor\" d=\"M64 15.9 Q32 0.4 0 15.9 L0 18 L64 18 Z\"\/>\r\n<\/svg><\/div><div class=\"l-section-h i-cf\"><div class=\"g-cols vc_row via_flex valign_top type_default stacking_default\"><div class=\"vc_col-sm-6 wpb_column vc_column_container vl-table-icon\"><div class=\"vc_column-inner\"><div class=\"wpb_wrapper\"><div class=\"wpb_text_column\"><div class=\"wpb_wrapper\"><h3 style=\"text-align: center;\">Faktura\u010dn\u00e9 \u00fadaje<\/h3>\n<\/div><\/div><\/div><\/div><\/div><div class=\"vc_col-sm-6 wpb_column vc_column_container\"><div class=\"vc_column-inner\"><div class=\"wpb_wrapper\"><div class=\"wpb_text_column\"><div class=\"wpb_wrapper\"><h3 style=\"text-align: center;\">Kde sa m\u00f4\u017eeme stretn\u00fa\u0165?<\/h3>\n<\/div><\/div><div class=\"g-cols wpb_row via_flex valign_top type_default stacking_default\"><div class=\"vc_col-sm-6 wpb_column vc_column_container\"><div class=\"vc_column-inner\"><div class=\"wpb_wrapper\"><div class=\"w-iconbox iconpos_top style_default color_contrast align_center\"><a title=\"visionlabs v ImpactHub Brno\" target=\" _blank\" rel=\"nofollow\" href=\"https:\/\/goo.gl\/maps\/WSqDrWPzxUsUmGZu5\" class=\"w-iconbox-link\" aria-label=\"Brno\"><div class=\"w-iconbox-icon\" style=\"font-size:50px;\"><i class=\"fal fa-laptop-code\"><\/i><\/div><\/a><div class=\"w-iconbox-meta\"><a title=\"visionlabs v ImpactHub Brno\" target=\" _blank\" rel=\"nofollow\" href=\"https:\/\/goo.gl\/maps\/WSqDrWPzxUsUmGZu5\" class=\"w-iconbox-link\" aria-label=\"Brno\"><h4 class=\"w-iconbox-title\">Brno<\/h4><\/a><div class=\"w-iconbox-text\"><p style=\"text-align: center;\"><a class=\"w-iconbox-link\" title=\"E-mail Hello@visionslabs.io\" href=\"https:\/\/goo.gl\/maps\/WSqDrWPzxUsUmGZu5\" target=\"_blank\" rel=\"noopener noreferrer\" aria-label=\"Cyrilsk\u00e1 7, 602 00 Brno (ImpactHub Brno)\">Cyrilsk\u00e1 7, 602&nbsp;00 Brno (ImpactHub Brno)<\/a><\/p>\n<\/div><\/div><\/div><\/div><\/div><\/div><div class=\"vc_col-sm-6 wpb_column vc_column_container\"><div class=\"vc_column-inner\"><div class=\"wpb_wrapper\"><div class=\"w-iconbox iconpos_top style_default color_contrast align_center\"><a title=\"s\u00eddlo spolo\u010dnosti\" target=\"_blank\" rel=\"nofollow\" href=\"https:\/\/g.page\/centrum-vzdelavani-olomouc?share\" class=\"w-iconbox-link\" aria-label=\"Olomouc\"><div class=\"w-iconbox-icon\" style=\"font-size:50px;\"><i class=\"fal fa-briefcase\"><\/i><\/div><\/a><div class=\"w-iconbox-meta\"><a title=\"s\u00eddlo spolo\u010dnosti\" target=\"_blank\" rel=\"nofollow\" href=\"https:\/\/g.page\/centrum-vzdelavani-olomouc?share\" class=\"w-iconbox-link\" aria-label=\"Olomouc\"><h4 class=\"w-iconbox-title\">Olomouc<\/h4><\/a><div class=\"w-iconbox-text\"><p style=\"text-align: center;\"><a href=\"https:\/\/g.page\/centrum-vzdelavani-olomouc?share\" target=\"_blank\" rel=\"noopener noreferrer\">Stupkova 413\/1a, 779&nbsp;00 Olomouc<\/a><\/p>\n<\/div><\/div><\/div><\/div><\/div><\/div><\/div><div class=\"w-separator size_large\"><\/div><div class=\"wpb_text_column\"><div class=\"wpb_wrapper\"><h3 style=\"text-align: center;\">Soci\u00e1lne siete<\/h3>\n<\/div><\/div><div class=\"w-socials us_custom_845f7bc5 color_text shape_circle style_default hover_fade\" style=\"--gap:0.5rem;\"><div class=\"w-socials-list\"><div class=\"w-socials-item facebook\"><a target=\"_blank\" rel=\"nofollow\" href=\"https:\/\/www.facebook.com\/visionslabs\/\" class=\"w-socials-item-link\" aria-label=\"Facebook\"><span class=\"w-socials-item-link-hover\"><\/span><i class=\"fab fa-facebook\"><\/i><\/a><\/div><div class=\"w-socials-item twitter\"><a target=\"_blank\" rel=\"nofollow\" href=\"https:\/\/twitter.com\/visionslabs\" class=\"w-socials-item-link\" aria-label=\"X\"><span class=\"w-socials-item-link-hover\"><\/span><i class=\"fab fa-x-twitter\"><svg style=\"width:1em; margin-bottom:-.1em;\" xmlns=\"http:\/\/www.w3.org\/2000\/svg\" viewBox=\"0 0 512 512\"><path fill=\"currentColor\" d=\"M389.2 48h70.6L305.6 224.2 487 464H345L233.7 318.6 106.5 464H35.8L200.7 275.5 26.8 48H172.4L272.9 180.9 389.2 48zM364.4 421.8h39.1L151.1 88h-42L364.4 421.8z\"\/><\/svg><\/i><\/a><\/div><div class=\"w-socials-item linkedin\"><a target=\"_blank\" rel=\"nofollow\" href=\"https:\/\/www.linkedin.com\/company\/visionslabs\/\" class=\"w-socials-item-link\" aria-label=\"LinkedIn\"><span class=\"w-socials-item-link-hover\"><\/span><i class=\"fab fa-linkedin\"><\/i><\/a><\/div><div class=\"w-socials-item instagram\"><a target=\"_blank\" rel=\"nofollow\" href=\"https:\/\/www.instagram.com\/visionslabs\/\" class=\"w-socials-item-link\" aria-label=\"Instagram\"><span class=\"w-socials-item-link-hover\"><\/span><i class=\"fab fa-instagram\"><\/i><\/a><\/div><\/div><\/div><\/div><\/div><\/div><\/div><\/div><\/section><section class=\"l-section wpb_row height_large\" id=\"form\"><div class=\"l-section-h i-cf\"><div class=\"g-cols vc_row via_flex valign_middle type_default stacking_default\"><div class=\"vc_col-sm-6 wpb_column vc_column_container\"><div class=\"vc_column-inner\"><div class=\"wpb_wrapper\"><div class=\"wpb_text_column\"><div class=\"wpb_wrapper\"><h2 style=\"text-align: center;\">M\u00e1te ot\u00e1zku? tak n\u00e1m nap\u00ed\u0161te<\/h2>\n<\/div><\/div>\n<div class=\"wpcf7 no-js\" id=\"wpcf7-f4-o1\" lang=\"cs-CZ\" dir=\"ltr\" data-wpcf7-id=\"4\">\n<div class=\"screen-reader-response\"><p role=\"status\" aria-live=\"polite\" aria-atomic=\"true\"><\/p> <ul><\/ul><\/div>\n<form action=\"\/sk\/wp-json\/wp\/v2\/pages\/2487#wpcf7-f4-o1\" method=\"post\" class=\"wpcf7-form init\" aria-label=\"Kontaktn\u00ed formul\u00e1\u0159\" novalidate=\"novalidate\" data-status=\"init\">\n<fieldset class=\"hidden-fields-container\"><input type=\"hidden\" name=\"_wpcf7\" value=\"4\" \/><input type=\"hidden\" name=\"_wpcf7_version\" value=\"6.1.5\" \/><input type=\"hidden\" name=\"_wpcf7_locale\" value=\"cs_CZ\" \/><input type=\"hidden\" name=\"_wpcf7_unit_tag\" value=\"wpcf7-f4-o1\" \/><input type=\"hidden\" name=\"_wpcf7_container_post\" value=\"0\" \/><input type=\"hidden\" name=\"_wpcf7_posted_data_hash\" value=\"\" \/><input type=\"hidden\" name=\"_wpcf7_recaptcha_response\" value=\"\" \/>\n<\/fieldset>\n<div class=\"w-form-row for_text has_label move_label required with_icon\">\n   <div class=\"w-form-row-label\"> <span>Jm\u00e9no *<\/span> <\/div>\n   <div class=\"w-form-row-field\"> <i class=\"fal fa-user\"><\/i> <span class=\"wpcf7-form-control-wrap\" data-name=\"name\"><input size=\"40\" maxlength=\"400\" class=\"wpcf7-form-control wpcf7-text wpcf7-validates-as-required\" aria-required=\"true\" aria-invalid=\"false\" value=\"\" type=\"text\" name=\"name\" \/><\/span><\/div>\n<\/div>\n<div class=\"w-form-row for_email has_label move_label required with_icon\">\n   <div class=\"w-form-row-label\"> <span>E-mail *<\/span> <\/div>\n   <div class=\"w-form-row-field\"> <i class=\"fal fa-envelope\"><\/i> <span class=\"wpcf7-form-control-wrap\" data-name=\"email\"><input size=\"40\" maxlength=\"400\" class=\"wpcf7-form-control wpcf7-email wpcf7-validates-as-required wpcf7-text wpcf7-validates-as-email\" aria-required=\"true\" aria-invalid=\"false\" value=\"\" type=\"email\" name=\"email\" \/><\/span> <\/div>\n<\/div>\n<div class=\"w-form-row for_textarea has_label move_label required with_icon\">\n   <div class=\"w-form-row-label\"> <span>Dotaz *<\/span> <\/div>\n   <div class=\"w-form-row-field\"> <i class=\"fal fa-pen\"><\/i> <span class=\"wpcf7-form-control-wrap\" data-name=\"question\"><textarea cols=\"40\" rows=\"10\" maxlength=\"2000\" class=\"wpcf7-form-control wpcf7-textarea wpcf7-validates-as-required\" aria-required=\"true\" aria-invalid=\"false\" name=\"question\"><\/textarea><\/span> <\/div>\n<\/div>\n<div class=\"w-form-row for_select has_label with_icon\">\n   <div class=\"w-form-row-label\"> <span>T\u00fdk\u00e1 se to ..<\/span> <\/div>\n   <div class=\"w-form-row-field\"><i class=\"fal fa-question\"><\/i> <span class=\"wpcf7-form-control-wrap\" data-name=\"type\"><select class=\"wpcf7-form-control wpcf7-select\" aria-invalid=\"false\" name=\"type\"><option value=\"\">&#8212;Zvolte pros\u00edm mo\u017enost&#8212;<\/option><option value=\"M\u00e1m z\u00e1jem o web\">M\u00e1m z\u00e1jem o web<\/option><option value=\"M\u00e1m z\u00e1jem o digit\u00e1ln\u00ed marketing\">M\u00e1m z\u00e1jem o digit\u00e1ln\u00ed marketing<\/option><option value=\"M\u00e1m z\u00e1jem o webovou aplikace\">M\u00e1m z\u00e1jem o webovou aplikace<\/option><option value=\"M\u00e1m z\u00e1jem o wordpress plugin\">M\u00e1m z\u00e1jem o wordpress plugin<\/option><option value=\"M\u00e1m z\u00e1jem o mobiln\u00ed aplikaci\">M\u00e1m z\u00e1jem o mobiln\u00ed aplikaci<\/option><option value=\"M\u00e1m z\u00e1jem o e-shop\">M\u00e1m z\u00e1jem o e-shop<\/option><option value=\"Jin\u00fd dotaz\">Jin\u00fd dotaz<\/option><\/select><\/span> <\/div>\n<\/div>\n<br>\n<div class=\"w-form-row\">\n <p>Pou\u017eijeme va\u0161e osobn\u00ed \u00fadaje pro vy\u0159e\u0161en\u00ed va\u0161eho dotazu dle na\u0161ich <a href=\"\/zasady-ochrany-osobnich-udaju\/\">z\u00e1sad ochrany osobn\u00edch \u00fadaj\u016f<\/a>. Tato str\u00e1nka je ochr\u00e1n\u011bna reCAPTCHA od Google <a href=\"https:\/\/policies.google.com\/privacy\">Privacy Policy<\/a> a <a href=\"https:\/\/policies.google.com\/terms\">podm\u00ednky pou\u017eit\u00ed<\/a>.<\/p>\n<\/div>\n<br>\n<div class=\"w-form-row for_submit width_full \">\n   <div class=\"w-form-row-field\">\n      <button class=\"w-btn icon_atleft us-btn-style_1\" aria-label=\"Odeslat\" type=\"submit\"><i class=\"fal fa-paper-plane\"><\/i><span class=\"w-btn-label\">Odeslat<\/span>\n      <\/button>\n   <\/div>\n<\/div><div class=\"wpcf7-response-output\" aria-hidden=\"true\"><\/div>\n<\/form>\n<\/div>\n<\/div><\/div><\/div><div class=\"vc_col-sm-6 wpb_column vc_column_container\"><div class=\"vc_column-inner\"><div class=\"wpb_wrapper\"><div class=\"w-image align_center\"><div class=\"w-image-h\"><img decoding=\"async\" width=\"800\" height=\"533\" src=\"https:\/\/visionslabs.io\/wp-content\/uploads\/2020\/07\/visionslabs-ilustration-phone.svg\" class=\"attachment-us_600_400 size-us_600_400\" alt=\"\" loading=\"lazy\" \/><\/div><\/div><\/div><\/div><\/div><\/div><\/div><\/section>\n","protected":false},"excerpt":{"rendered":"S k\u00fdm sa u n\u00e1s stretnete? Ing. Leopold Podmol\u00edkCTOIng. Leopold Podmol\u00edk, MBACEO &amp;amp; founderKontakty +420 607 269 555Volajte Po-Pia 9-16hod hello@visionslabs.ioNap\u00ed\u0161te n\u00e1m na email Ako n\u00e1s kontaktova\u0165? M\u00f4\u017eeme sa stretn\u00fa\u0165 v Brne, ale aj n\u00e1s m\u00f4\u017eete kontaktova\u0165 cez e-mail, soci\u00e1lne siete alebo vyu\u017ei\u0165 formul\u00e1r ni\u017e\u0161ie. Faktura\u010dn\u00e9 \u00fadaje Kde sa m\u00f4\u017eeme stretn\u00fa\u0165? BrnoCyrilsk\u00e1 7, 602 00...","protected":false},"author":1,"featured_media":0,"parent":0,"menu_order":4,"comment_status":"closed","ping_status":"closed","template":"","meta":{"footnotes":""},"class_list":["post-2487","page","type-page","status-publish","hentry"],"yoast_head":"<!-- This site is optimized with the Yoast SEO plugin v27.4 - https:\/\/yoast.com\/product\/yoast-seo-wordpress\/ -->\n<title>Kontakty - visionslabs<\/title>\n<meta name=\"description\" content=\"Ak h\u013ead\u00e1te kontakty na n\u00e1s, tak ich n\u00e1jdete na tejto str\u00e1nke, alebo m\u00f4\u017eete rovno nap\u00edsa\u0165 e-mail na hello@visionslabs.io.\" \/>\n<meta name=\"robots\" content=\"index, follow, max-snippet:-1, max-image-preview:large, max-video-preview:-1\" \/>\n<link rel=\"canonical\" href=\"https:\/\/visionslabs.io\/sk\/kontakty\/\" \/>\n<meta property=\"og:locale\" content=\"sk_SK\" \/>\n<meta property=\"og:type\" content=\"article\" \/>\n<meta property=\"og:title\" content=\"Kontakty - visionslabs\" \/>\n<meta property=\"og:description\" content=\"Ak h\u013ead\u00e1te kontakty na n\u00e1s, tak ich n\u00e1jdete na tejto str\u00e1nke, alebo m\u00f4\u017eete rovno nap\u00edsa\u0165 e-mail na hello@visionslabs.io.\" \/>\n<meta property=\"og:url\" content=\"https:\/\/visionslabs.io\/sk\/kontakty\/\" \/>\n<meta property=\"og:site_name\" content=\"visionslabs\" \/>\n<meta property=\"article:publisher\" content=\"https:\/\/facebook.com\/visionslabs\/\" \/>\n<meta property=\"article:modified_time\" content=\"2020-10-18T22:27:00+00:00\" \/>\n<meta property=\"og:image\" content=\"https:\/\/visionslabs.io\/wp-content\/uploads\/2020\/08\/visionslabs-preview.jpg\" \/>\n\t<meta property=\"og:image:width\" content=\"1200\" \/>\n\t<meta property=\"og:image:height\" content=\"630\" \/>\n\t<meta property=\"og:image:type\" content=\"image\/jpeg\" \/>\n<meta name=\"twitter:card\" content=\"summary_large_image\" \/>\n<meta name=\"twitter:site\" content=\"@visionslabs\" \/>\n<meta name=\"twitter:label1\" content=\"Predpokladan\u00fd \u010das \u010d\u00edtania\" \/>\n\t<meta name=\"twitter:data1\" content=\"3 min\u00faty\" \/>\n<script type=\"application\/ld+json\" class=\"yoast-schema-graph\">{\"@context\":\"https:\\\/\\\/schema.org\",\"@graph\":[{\"@type\":\"WebPage\",\"@id\":\"https:\\\/\\\/visionslabs.io\\\/sk\\\/kontakty\\\/\",\"url\":\"https:\\\/\\\/visionslabs.io\\\/sk\\\/kontakty\\\/\",\"name\":\"Kontakty - visionslabs\",\"isPartOf\":{\"@id\":\"https:\\\/\\\/visionslabs.io\\\/sk\\\/#website\"},\"datePublished\":\"2020-10-18T22:26:47+00:00\",\"dateModified\":\"2020-10-18T22:27:00+00:00\",\"description\":\"Ak h\u013ead\u00e1te kontakty na n\u00e1s, tak ich n\u00e1jdete na tejto str\u00e1nke, alebo m\u00f4\u017eete rovno nap\u00edsa\u0165 e-mail na hello@visionslabs.io.\",\"breadcrumb\":{\"@id\":\"https:\\\/\\\/visionslabs.io\\\/sk\\\/kontakty\\\/#breadcrumb\"},\"inLanguage\":\"sk-SK\",\"potentialAction\":[{\"@type\":\"ReadAction\",\"target\":[\"https:\\\/\\\/visionslabs.io\\\/sk\\\/kontakty\\\/\"]}]},{\"@type\":\"BreadcrumbList\",\"@id\":\"https:\\\/\\\/visionslabs.io\\\/sk\\\/kontakty\\\/#breadcrumb\",\"itemListElement\":[{\"@type\":\"ListItem\",\"position\":1,\"name\":\"Home\",\"item\":\"https:\\\/\\\/visionslabs.io\\\/sk\\\/\"},{\"@type\":\"ListItem\",\"position\":2,\"name\":\"Kontakty\"}]},{\"@type\":\"WebSite\",\"@id\":\"https:\\\/\\\/visionslabs.io\\\/sk\\\/#website\",\"url\":\"https:\\\/\\\/visionslabs.io\\\/sk\\\/\",\"name\":\"visionslabs\",\"description\":\"Digit\u00e1ln\u00ed studio visionslabs se zab\u00fdv\u00e1 tvorbou web\u016f, aplikac\u00ed a digit\u00e1ln\u00edm marketingem\",\"publisher\":{\"@id\":\"https:\\\/\\\/visionslabs.io\\\/sk\\\/#organization\"},\"potentialAction\":[{\"@type\":\"SearchAction\",\"target\":{\"@type\":\"EntryPoint\",\"urlTemplate\":\"https:\\\/\\\/visionslabs.io\\\/sk\\\/?s={search_term_string}\"},\"query-input\":{\"@type\":\"PropertyValueSpecification\",\"valueRequired\":true,\"valueName\":\"search_term_string\"}}],\"inLanguage\":\"sk-SK\"},{\"@type\":\"Organization\",\"@id\":\"https:\\\/\\\/visionslabs.io\\\/sk\\\/#organization\",\"name\":\"VisionsLabs - Po\u010d\u00edta\u010dov\u00e1 slu\u017eba s.r.o.\",\"url\":\"https:\\\/\\\/visionslabs.io\\\/sk\\\/\",\"logo\":{\"@type\":\"ImageObject\",\"inLanguage\":\"sk-SK\",\"@id\":\"https:\\\/\\\/visionslabs.io\\\/sk\\\/#\\\/schema\\\/logo\\\/image\\\/\",\"url\":\"https:\\\/\\\/visionslabs.io\\\/wp-content\\\/uploads\\\/2020\\\/07\\\/visionslabs-logo-icon-1.svg\",\"contentUrl\":\"https:\\\/\\\/visionslabs.io\\\/wp-content\\\/uploads\\\/2020\\\/07\\\/visionslabs-logo-icon-1.svg\",\"width\":317,\"height\":90,\"caption\":\"VisionsLabs - Po\u010d\u00edta\u010dov\u00e1 slu\u017eba s.r.o.\"},\"image\":{\"@id\":\"https:\\\/\\\/visionslabs.io\\\/sk\\\/#\\\/schema\\\/logo\\\/image\\\/\"},\"sameAs\":[\"https:\\\/\\\/facebook.com\\\/visionslabs\\\/\",\"https:\\\/\\\/x.com\\\/visionslabs\",\"https:\\\/\\\/www.instagram.com\\\/visionslabs\\\/\",\"https:\\\/\\\/www.linkedin.com\\\/company\\\/visionslabs\"]}]}<\/script>\n<!-- \/ Yoast SEO plugin. -->","yoast_head_json":{"title":"Kontakty - visionslabs","description":"Ak h\u013ead\u00e1te kontakty na n\u00e1s, tak ich n\u00e1jdete na tejto str\u00e1nke, alebo m\u00f4\u017eete rovno nap\u00edsa\u0165 e-mail na hello@visionslabs.io.","robots":{"index":"index","follow":"follow","max-snippet":"max-snippet:-1","max-image-preview":"max-image-preview:large","max-video-preview":"max-video-preview:-1"},"canonical":"https:\/\/visionslabs.io\/sk\/kontakty\/","og_locale":"sk_SK","og_type":"article","og_title":"Kontakty - visionslabs","og_description":"Ak h\u013ead\u00e1te kontakty na n\u00e1s, tak ich n\u00e1jdete na tejto str\u00e1nke, alebo m\u00f4\u017eete rovno nap\u00edsa\u0165 e-mail na hello@visionslabs.io.","og_url":"https:\/\/visionslabs.io\/sk\/kontakty\/","og_site_name":"visionslabs","article_publisher":"https:\/\/facebook.com\/visionslabs\/","article_modified_time":"2020-10-18T22:27:00+00:00","og_image":[{"width":1200,"height":630,"url":"https:\/\/visionslabs.io\/wp-content\/uploads\/2020\/08\/visionslabs-preview.jpg","type":"image\/jpeg"}],"twitter_card":"summary_large_image","twitter_site":"@visionslabs","twitter_misc":{"Predpokladan\u00fd \u010das \u010d\u00edtania":"3 min\u00faty"},"schema":{"@context":"https:\/\/schema.org","@graph":[{"@type":"WebPage","@id":"https:\/\/visionslabs.io\/sk\/kontakty\/","url":"https:\/\/visionslabs.io\/sk\/kontakty\/","name":"Kontakty - visionslabs","isPartOf":{"@id":"https:\/\/visionslabs.io\/sk\/#website"},"datePublished":"2020-10-18T22:26:47+00:00","dateModified":"2020-10-18T22:27:00+00:00","description":"Ak h\u013ead\u00e1te kontakty na n\u00e1s, tak ich n\u00e1jdete na tejto str\u00e1nke, alebo m\u00f4\u017eete rovno nap\u00edsa\u0165 e-mail na hello@visionslabs.io.","breadcrumb":{"@id":"https:\/\/visionslabs.io\/sk\/kontakty\/#breadcrumb"},"inLanguage":"sk-SK","potentialAction":[{"@type":"ReadAction","target":["https:\/\/visionslabs.io\/sk\/kontakty\/"]}]},{"@type":"BreadcrumbList","@id":"https:\/\/visionslabs.io\/sk\/kontakty\/#breadcrumb","itemListElement":[{"@type":"ListItem","position":1,"name":"Home","item":"https:\/\/visionslabs.io\/sk\/"},{"@type":"ListItem","position":2,"name":"Kontakty"}]},{"@type":"WebSite","@id":"https:\/\/visionslabs.io\/sk\/#website","url":"https:\/\/visionslabs.io\/sk\/","name":"visionslabs","description":"Digit\u00e1ln\u00ed studio visionslabs se zab\u00fdv\u00e1 tvorbou web\u016f, aplikac\u00ed a digit\u00e1ln\u00edm marketingem","publisher":{"@id":"https:\/\/visionslabs.io\/sk\/#organization"},"potentialAction":[{"@type":"SearchAction","target":{"@type":"EntryPoint","urlTemplate":"https:\/\/visionslabs.io\/sk\/?s={search_term_string}"},"query-input":{"@type":"PropertyValueSpecification","valueRequired":true,"valueName":"search_term_string"}}],"inLanguage":"sk-SK"},{"@type":"Organization","@id":"https:\/\/visionslabs.io\/sk\/#organization","name":"VisionsLabs - Po\u010d\u00edta\u010dov\u00e1 slu\u017eba s.r.o.","url":"https:\/\/visionslabs.io\/sk\/","logo":{"@type":"ImageObject","inLanguage":"sk-SK","@id":"https:\/\/visionslabs.io\/sk\/#\/schema\/logo\/image\/","url":"https:\/\/visionslabs.io\/wp-content\/uploads\/2020\/07\/visionslabs-logo-icon-1.svg","contentUrl":"https:\/\/visionslabs.io\/wp-content\/uploads\/2020\/07\/visionslabs-logo-icon-1.svg","width":317,"height":90,"caption":"VisionsLabs - Po\u010d\u00edta\u010dov\u00e1 slu\u017eba s.r.o."},"image":{"@id":"https:\/\/visionslabs.io\/sk\/#\/schema\/logo\/image\/"},"sameAs":["https:\/\/facebook.com\/visionslabs\/","https:\/\/x.com\/visionslabs","https:\/\/www.instagram.com\/visionslabs\/","https:\/\/www.linkedin.com\/company\/visionslabs"]}]}},"jetpack_sharing_enabled":true,"_links":{"self":[{"href":"https:\/\/visionslabs.io\/sk\/wp-json\/wp\/v2\/pages\/2487","targetHints":{"allow":["GET"]}}],"collection":[{"href":"https:\/\/visionslabs.io\/sk\/wp-json\/wp\/v2\/pages"}],"about":[{"href":"https:\/\/visionslabs.io\/sk\/wp-json\/wp\/v2\/types\/page"}],"author":[{"embeddable":true,"href":"https:\/\/visionslabs.io\/sk\/wp-json\/wp\/v2\/users\/1"}],"replies":[{"embeddable":true,"href":"https:\/\/visionslabs.io\/sk\/wp-json\/wp\/v2\/comments?post=2487"}],"version-history":[{"count":0,"href":"https:\/\/visionslabs.io\/sk\/wp-json\/wp\/v2\/pages\/2487\/revisions"}],"wp:attachment":[{"href":"https:\/\/visionslabs.io\/sk\/wp-json\/wp\/v2\/media?parent=2487"}],"curies":[{"name":"wp","href":"https:\/\/api.w.org\/{rel}","templated":true}]}}