{"id":3221,"date":"2021-10-13T12:18:12","date_gmt":"2021-10-13T10:18:12","guid":{"rendered":"https:\/\/visionslabs.io\/blog\/"},"modified":"2021-10-13T12:19:21","modified_gmt":"2021-10-13T10:19:21","slug":"blog","status":"publish","type":"page","link":"https:\/\/visionslabs.io\/sk\/blog\/","title":{"rendered":"Blog"},"content":{"rendered":"<section class=\"l-section wpb_row height_medium width_full\" id=\"blog\"><div class=\"l-section-h i-cf\"><div class=\"g-cols vc_row via_flex valign_top type_default stacking_default\"><div class=\"vc_col-sm-12 wpb_column vc_column_container\"><div class=\"vc_column-inner\"><div class=\"wpb_wrapper\"><div class=\"w-grid type_grid layout_873 cols_2 pagination_ajax overflow_hidden with_filters\" id=\"us_grid_1\" style=\"--gap:1.5rem;\"><style>@media (max-width:600px){#us_grid_1 .w-grid-list{margin:0}#us_grid_1 .w-grid-item{width:100%;padding:0;margin-bottom:var(--gap,0px)}}.layout_873 .w-grid-item-h{border-radius:0.5rem;box-shadow:0 0.05rem 0.1rem rgba(0,0,0,0.1),0 0.17rem 0.5rem rgba(0,0,0,0.1);transition-duration:0.3s}.no-touch .layout_873 .w-grid-item-h:hover{box-shadow:0 0.15rem 0.3rem rgba(0,0,0,0.1),0 0.5rem 1.5rem rgba(0,0,0,0.15);z-index:4}.layout_873 .usg_post_image_1{transition-duration:0.3s;transform-origin:50% 50%;transform:scale(1) translate(0%,0%)}.layout_873 .w-grid-item-h:hover .usg_post_image_1{transform:scale(1.20) translate(0%,0%);opacity:1}.layout_873 .usg_vwrapper_1{position:absolute!important;left:0!important;bottom:0!important;right:0!important;background:linear-gradient(0deg,#360033,rgba(0,0,0,0))!important;padding:5rem 8% 1.5rem 8%!important}.layout_873 .usg_post_title_1{color:#fff!important;font-size:1.2rem!important;font-weight:700!important;margin-bottom:0.3rem!important}.layout_873 .usg_hwrapper_1{color:#fff!important;font-size:0.9rem!important}<\/style><div class=\"g-filters style_2 align_center\"><button class=\"g-filters-item active\" data-taxonomy=\"*\"><span>All<\/span><\/button><button class=\"g-filters-item\" data-taxonomy=\"digitalny-marketing\" data-amount=\"4\"><span>Digit\u00e1lny marketing<\/span><span class=\"g-filters-item-amount\">4<\/span><\/button><button class=\"g-filters-item\" data-taxonomy=\"mobilna-aplikacia\" data-amount=\"5\"><span>Mobiln\u00e1 aplik\u00e1cia<\/span><span class=\"g-filters-item-amount\">5<\/span><\/button><button class=\"g-filters-item\" data-taxonomy=\"nezaradene\" data-amount=\"9\"><span>Nezaraden\u00e9<\/span><span class=\"g-filters-item-amount\">9<\/span><\/button><button class=\"g-filters-item\" data-taxonomy=\"pripadove-studie-sk\" data-amount=\"4\"><span>Pr\u00edpadov\u00e9 \u0161t\u00fadie<\/span><span class=\"g-filters-item-amount\">4<\/span><\/button><button class=\"g-filters-item\" data-taxonomy=\"webove-aplikacie\" data-amount=\"4\"><span>Webov\u00e9 aplik\u00e1cie<\/span><span class=\"g-filters-item-amount\">4<\/span><\/button><button class=\"g-filters-item\" data-taxonomy=\"webove-stranky-sk\" data-amount=\"10\"><span>Webov\u00e9 str\u00e1nky<\/span><span class=\"g-filters-item-amount\">10<\/span><\/button><button class=\"g-filters-item\" data-taxonomy=\"wordpress-pluginy-sk\" data-amount=\"5\"><span>WordPress pluginy<\/span><span class=\"g-filters-item-amount\">5<\/span><\/button><button class=\"g-filters-item\" data-taxonomy=\"zaujimavosti\" data-amount=\"18\"><span>Zauj\u00edmavosti<\/span><span class=\"g-filters-item-amount\">18<\/span><\/button><\/div><div class=\"w-grid-list\" data-filter_taxonomy_name=\"category\">\t<article class=\"w-grid-item size_1x1 post-3840 post type-post status-publish format-standard has-post-thumbnail hentry category-nezaradene category-zaujimavosti tag-gutenberg-sk tag-webove-stranky-sk tag-wordpress-sk tag-wordpress-6-sk\" data-id=\"3840\">\r\n\t\t<div class=\"w-grid-item-h\">\r\n\t\t\t\t\t\t<div class=\"w-post-elm post_image usg_post_image_1 has_ratio\"><a href=\"https:\/\/visionslabs.io\/sk\/wordpress-6-0-prichadza\/\" aria-label=\"WordPress 6.0 prich\u00e1dza\"><img decoding=\"async\" width=\"1024\" height=\"538\" src=\"https:\/\/visionslabs.io\/wp-content\/uploads\/2022\/05\/visionslabs-wordpress-6_0-1024x538.jpg\" class=\"attachment-large size-large wp-post-image\" alt=\"WordPress 6.0 p\u0159ich\u00e1z\u00ed\" \/><\/a><div style=\"padding-bottom:100%\"><\/div><\/div><div class=\"w-vwrapper usg_vwrapper_1 align_left valign_bottom\"><h2 class=\"w-post-elm post_title usg_post_title_1 has_text_color entry-title color_link_inherit\"><a href=\"https:\/\/visionslabs.io\/sk\/wordpress-6-0-prichadza\/\">WordPress 6.0 prich\u00e1dza<\/a><\/h2><div class=\"w-hwrapper usg_hwrapper_1 has_text_color align_left valign_top wrap\"><time class=\"w-post-elm post_date usg_post_date_1 entry-date published\" datetime=\"2022-10-19T17:08:15+02:00\"><i class=\"fal fa-calendar\"><\/i>19. 10. 2022<\/time><div class=\"w-post-elm post_author usg_post_author_1 vcard author color_link_inherit\"><i class=\"fal fa-user\"><\/i><div class=\"post-author-meta\"><a href=\"https:\/\/visionslabs.io\/sk\/author\/admn_podmolik\/\" class=\"post-author-name fn\">Leopold Podmol\u00edk<\/a><\/div><\/div><\/div><\/div>\t\t<\/div>\r\n\t\t\t<\/article>\r\n\t<article class=\"w-grid-item size_1x1 post-3678 post type-post status-publish format-standard has-post-thumbnail hentry category-mobilna-aplikacia category-nezaradene category-zaujimavosti tag-android-sk tag-android-jetpack-sk tag-google-sk tag-hilt-sk tag-java-sk tag-kotlin-sk tag-livedata-sk tag-moje-hodinovka-sk tag-mvvm-sk tag-room-sk tag-scc-sk\" data-id=\"3678\">\r\n\t\t<div class=\"w-grid-item-h\">\r\n\t\t\t\t\t\t<div class=\"w-post-elm post_image usg_post_image_1 has_ratio\"><a href=\"https:\/\/visionslabs.io\/sk\/prepisanie-celej-mobilnej-aplikacie-na-android\/\" aria-label=\"Prep\u00edsanie celej mobilnej aplik\u00e1cie na Android\"><img decoding=\"async\" width=\"1024\" height=\"538\" src=\"https:\/\/visionslabs.io\/wp-content\/uploads\/2022\/08\/visionslabs-android-porovnani-aplikaci-moje-hodinovka-mvvm-kotlin-1024x538.jpg\" class=\"attachment-large size-large wp-post-image\" alt=\"Android - porovn\u00e1n\u00ed aplikac\u00ed - moje hodinovka - mvvm kotlin\" \/><\/a><div style=\"padding-bottom:100%\"><\/div><\/div><div class=\"w-vwrapper usg_vwrapper_1 align_left valign_bottom\"><h2 class=\"w-post-elm post_title usg_post_title_1 has_text_color entry-title color_link_inherit\"><a href=\"https:\/\/visionslabs.io\/sk\/prepisanie-celej-mobilnej-aplikacie-na-android\/\">Prep\u00edsanie celej mobilnej aplik\u00e1cie na Android<\/a><\/h2><div class=\"w-hwrapper usg_hwrapper_1 has_text_color align_left valign_top wrap\"><time class=\"w-post-elm post_date usg_post_date_1 entry-date published\" datetime=\"2022-08-19T14:20:32+02:00\"><i class=\"fal fa-calendar\"><\/i>19. 8. 2022<\/time><div class=\"w-post-elm post_author usg_post_author_1 vcard author color_link_inherit\"><i class=\"fal fa-user\"><\/i><div class=\"post-author-meta\"><a href=\"https:\/\/visionslabs.io\/sk\/author\/admn_podmolik\/\" class=\"post-author-name fn\">Leopold Podmol\u00edk<\/a><\/div><\/div><\/div><\/div>\t\t<\/div>\r\n\t\t\t<\/article>\r\n\t<article class=\"w-grid-item size_1x1 post-3610 post type-post status-publish format-standard has-post-thumbnail hentry category-nezaradene category-zaujimavosti tag-support-portal-sk tag-webove-stranky-sk tag-wordpress-sk\" data-id=\"3610\">\r\n\t\t<div class=\"w-grid-item-h\">\r\n\t\t\t\t\t\t<div class=\"w-post-elm post_image usg_post_image_1 has_ratio\"><a href=\"https:\/\/visionslabs.io\/sk\/support-portal-na-wordpresse\/\" aria-label=\"Support port\u00e1l na WordPresse\"><img decoding=\"async\" width=\"1024\" height=\"538\" src=\"https:\/\/visionslabs.io\/wp-content\/uploads\/2022\/04\/visionslabs-support-portal-pro-wordpress-1024x538.jpg\" class=\"attachment-large size-large wp-post-image\" alt=\"Support portal pro wordpress\" \/><\/a><div style=\"padding-bottom:100%\"><\/div><\/div><div class=\"w-vwrapper usg_vwrapper_1 align_left valign_bottom\"><h2 class=\"w-post-elm post_title usg_post_title_1 has_text_color entry-title color_link_inherit\"><a href=\"https:\/\/visionslabs.io\/sk\/support-portal-na-wordpresse\/\">Support port\u00e1l na WordPresse<\/a><\/h2><div class=\"w-hwrapper usg_hwrapper_1 has_text_color align_left valign_top wrap\"><time class=\"w-post-elm post_date usg_post_date_1 entry-date published\" datetime=\"2022-04-07T15:07:03+02:00\"><i class=\"fal fa-calendar\"><\/i>7. 4. 2022<\/time><div class=\"w-post-elm post_author usg_post_author_1 vcard author color_link_inherit\"><i class=\"fal fa-user\"><\/i><div class=\"post-author-meta\"><a href=\"https:\/\/visionslabs.io\/sk\/author\/admn_podmolik\/\" class=\"post-author-name fn\">Leopold Podmol\u00edk<\/a><\/div><\/div><\/div><\/div>\t\t<\/div>\r\n\t\t\t<\/article>\r\n\t<article class=\"w-grid-item size_1x1 post-3593 post type-post status-publish format-standard has-post-thumbnail hentry category-nezaradene category-webove-stranky-sk category-zaujimavosti tag-complianz-sk tag-cookie-sk tag-cookie-2022-sk tag-eprivacy-sk tag-gdpr-sk tag-google-analytics-sk tag-webove-stranky-sk tag-wordpress-sk tag-wpml-sk\" data-id=\"3593\">\r\n\t\t<div class=\"w-grid-item-h\">\r\n\t\t\t\t\t\t<div class=\"w-post-elm post_image usg_post_image_1 has_ratio\"><a href=\"https:\/\/visionslabs.io\/sk\/cookie-v-cr-v-roku-2022\/\" aria-label=\"Cookie v&nbsp;\u010cR v&nbsp;roku 2022\"><img decoding=\"async\" width=\"1024\" height=\"538\" src=\"https:\/\/visionslabs.io\/wp-content\/uploads\/2022\/01\/visionslabs-Cookie-v-CR-v-roce-2022-1024x538.jpg\" class=\"attachment-large size-large wp-post-image\" alt=\"Cookie v \u010cR v roce 2022\" \/><\/a><div style=\"padding-bottom:100%\"><\/div><\/div><div class=\"w-vwrapper usg_vwrapper_1 align_left valign_bottom\"><h2 class=\"w-post-elm post_title usg_post_title_1 has_text_color entry-title color_link_inherit\"><a href=\"https:\/\/visionslabs.io\/sk\/cookie-v-cr-v-roku-2022\/\">Cookie v&nbsp;\u010cR v&nbsp;roku 2022<\/a><\/h2><div class=\"w-hwrapper usg_hwrapper_1 has_text_color align_left valign_top wrap\"><time class=\"w-post-elm post_date usg_post_date_1 entry-date published\" datetime=\"2022-02-02T17:36:30+01:00\"><i class=\"fal fa-calendar\"><\/i>2. 2. 2022<\/time><div class=\"w-post-elm post_author usg_post_author_1 vcard author color_link_inherit\"><i class=\"fal fa-user\"><\/i><div class=\"post-author-meta\"><a href=\"https:\/\/visionslabs.io\/sk\/author\/admn_podmolik\/\" class=\"post-author-name fn\">Leopold Podmol\u00edk<\/a><\/div><\/div><\/div><\/div>\t\t<\/div>\r\n\t\t\t<\/article>\r\n\t<article class=\"w-grid-item size_1x1 post-3591 post type-post status-publish format-standard has-post-thumbnail hentry category-nezaradene category-zaujimavosti tag-cloud-functions-sk tag-crashlytics-sk tag-firebase-sk tag-firestore-sk tag-google-sk tag-nestjs-sk tag-nodejs-sk\" data-id=\"3591\">\r\n\t\t<div class=\"w-grid-item-h\">\r\n\t\t\t\t\t\t<div class=\"w-post-elm post_image usg_post_image_1 has_ratio\"><a href=\"https:\/\/visionslabs.io\/sk\/firebase-cloud-functions\/\" aria-label=\"Firebase Cloud functions\"><img decoding=\"async\" width=\"1024\" height=\"538\" src=\"https:\/\/visionslabs.io\/wp-content\/uploads\/2022\/02\/visionslabs-firebase-cloud-functions-2-1024x538.jpg\" class=\"attachment-large size-large wp-post-image\" alt=\"Firebase Cloud functions\" \/><\/a><div style=\"padding-bottom:100%\"><\/div><\/div><div class=\"w-vwrapper usg_vwrapper_1 align_left valign_bottom\"><h2 class=\"w-post-elm post_title usg_post_title_1 has_text_color entry-title color_link_inherit\"><a href=\"https:\/\/visionslabs.io\/sk\/firebase-cloud-functions\/\">Firebase Cloud functions<\/a><\/h2><div class=\"w-hwrapper usg_hwrapper_1 has_text_color align_left valign_top wrap\"><time class=\"w-post-elm post_date usg_post_date_1 entry-date published\" datetime=\"2022-02-02T17:30:57+01:00\"><i class=\"fal fa-calendar\"><\/i>2. 2. 2022<\/time><div class=\"w-post-elm post_author usg_post_author_1 vcard author color_link_inherit\"><i class=\"fal fa-user\"><\/i><div class=\"post-author-meta\"><a href=\"https:\/\/visionslabs.io\/sk\/author\/admn_podmolik\/\" class=\"post-author-name fn\">Leopold Podmol\u00edk<\/a><\/div><\/div><\/div><\/div>\t\t<\/div>\r\n\t\t\t<\/article>\r\n\t<article class=\"w-grid-item size_1x1 post-3497 post type-post status-publish format-standard has-post-thumbnail hentry category-digitalny-marketing category-pripadove-studie-sk category-webove-stranky-sk tag-digitalny-marketing tag-dvpp-sk tag-google-sk tag-google-analytics-sk tag-google-search-console-sk tag-povez-ii-sk tag-seo-sk tag-serp-sk\" data-id=\"3497\">\r\n\t\t<div class=\"w-grid-item-h\">\r\n\t\t\t\t\t\t<div class=\"w-post-elm post_image usg_post_image_1 has_ratio\"><a href=\"https:\/\/visionslabs.io\/sk\/kto-by-nechcel-byt-na-prvej-strane-vyhladavaca\/\" aria-label=\"Kto by nechcel by\u0165 na prvej strane vyh\u013ead\u00e1va\u010da?\"><img decoding=\"async\" width=\"1024\" height=\"538\" src=\"https:\/\/visionslabs.io\/wp-content\/uploads\/2020\/08\/visionslabs-Kdo-by-nechte\u030cl-by\u0301t-na-prvni\u0301-strane\u030c-vyhleda\u0301vac\u030ce-2-1024x538.jpg\" class=\"attachment-large size-large wp-post-image\" alt=\"Kdo by necht\u011bl b\u00fdt na prvn\u00ed stran\u011b vyhled\u00e1va\u010de?\" \/><\/a><div style=\"padding-bottom:100%\"><\/div><\/div><div class=\"w-vwrapper usg_vwrapper_1 align_left valign_bottom\"><h2 class=\"w-post-elm post_title usg_post_title_1 has_text_color entry-title color_link_inherit\"><a href=\"https:\/\/visionslabs.io\/sk\/kto-by-nechcel-byt-na-prvej-strane-vyhladavaca\/\">Kto by nechcel by\u0165 na prvej strane vyh\u013ead\u00e1va\u010da?<\/a><\/h2><div class=\"w-hwrapper usg_hwrapper_1 has_text_color align_left valign_top wrap\"><time class=\"w-post-elm post_date usg_post_date_1 entry-date published\" datetime=\"2021-11-11T14:50:35+01:00\"><i class=\"fal fa-calendar\"><\/i>11. 11. 2021<\/time><div class=\"w-post-elm post_author usg_post_author_1 vcard author color_link_inherit\"><i class=\"fal fa-user\"><\/i><div class=\"post-author-meta\"><a href=\"https:\/\/visionslabs.io\/sk\/author\/admn_podmolik\/\" class=\"post-author-name fn\">Leopold Podmol\u00edk<\/a><\/div><\/div><\/div><\/div>\t\t<\/div>\r\n\t\t\t<\/article>\r\n<\/div><div class=\"w-grid-preloader\">\t<div class=\"g-preloader type_1\">\r\n\t\t<div><\/div>\r\n\t<\/div>\r\n\t<\/div>\t\t\t<div class=\"g-loadmore \">\r\n\t\t\t\t<div class=\"g-preloader type_1\">\r\n\t\t\t\t\t<div><\/div>\r\n\t\t\t\t<\/div>\r\n\t\t\t\t<button class=\"w-btn us-btn-style_1\">\r\n\t\t\t\t\t<span class=\"w-btn-label\">Na\u010d\u00edst dal\u0161\u00ed \u010dl\u00e1nky<\/span>\r\n\t\t\t\t<\/button>\r\n\t\t\t<\/div>\r\n\t\t\t\t<div class=\"w-grid-json hidden\" onclick='return {&quot;action&quot;:&quot;us_ajax_grid&quot;,&quot;infinite_scroll&quot;:0,&quot;max_num_pages&quot;:4,&quot;pagination&quot;:&quot;ajax&quot;,&quot;template_vars&quot;:{&quot;columns&quot;:&quot;2&quot;,&quot;exclude_items&quot;:&quot;none&quot;,&quot;img_size&quot;:&quot;default&quot;,&quot;ignore_items_size&quot;:0,&quot;items_layout&quot;:&quot;873&quot;,&quot;items_offset&quot;:&quot;1&quot;,&quot;load_animation&quot;:&quot;none&quot;,&quot;overriding_link&quot;:&quot;{\\&quot;url\\&quot;:\\&quot;\\&quot;}&quot;,&quot;post_id&quot;:0,&quot;query_args&quot;:{&quot;post_type&quot;:[&quot;post&quot;],&quot;post_status&quot;:[&quot;publish&quot;],&quot;posts_per_page&quot;:&quot;6&quot;},&quot;orderby_query_args&quot;:{&quot;orderby&quot;:{&quot;date&quot;:&quot;DESC&quot;}},&quot;type&quot;:&quot;grid&quot;,&quot;us_grid_post_type&quot;:&quot;post&quot;,&quot;us_grid_ajax_index&quot;:1,&quot;us_grid_filter_query_string&quot;:null,&quot;us_grid_index&quot;:1,&quot;page_args&quot;:[],&quot;lang&quot;:&quot;sk&quot;}}'><\/div>\r\n\t<\/div><div class=\"w-separator size_small\"><\/div><\/div><\/div><\/div><\/div><\/div><\/section>\n","protected":false},"excerpt":{"rendered":"Touto re\u010dn\u00edckou - a mo\u017eno trochu provokat\u00edvnou - ot\u00e1zkou sme sa rozhodli za\u010da\u0165 n\u00e1\u0161 \u010dl\u00e1nok z\u00e1merne. Budeme sa bavi\u0165 o webov\u00fdch str\u00e1nkach, ktor\u00e9 sme vytvorili v roku 2016 a podarilo sa im relat\u00edvne r\u00fdchlo sa presadi\u0165 na prv\u00fa str\u00e1nku vyh\u013ead\u00e1va\u010da Google vo svojich oblastiach. \u010co je z\u00e1kladom tak\u00e9hoto \u00faspechu? Preto\u017ee sme v oblasti SEO (Search...","protected":false},"author":1,"featured_media":0,"parent":0,"menu_order":3,"comment_status":"closed","ping_status":"closed","template":"","meta":{"footnotes":""},"class_list":["post-3221","page","type-page","status-publish","hentry"],"yoast_head":"<!-- This site is optimized with the Yoast SEO plugin v26.6 - https:\/\/yoast.com\/wordpress\/plugins\/seo\/ -->\n<title>Blog - visionslabs<\/title>\n<meta name=\"description\" content=\"V r\u00e1mci n\u00e1\u0161ho blogu sa sna\u017e\u00edme informova\u0165 o novink\u00e1ch v obore tzn. okolo webu, mobiln\u00e9 aplik\u00e1cie alebo digit\u00e1lneho marketingu.\" \/>\n<meta name=\"robots\" content=\"index, follow, max-snippet:-1, max-image-preview:large, max-video-preview:-1\" \/>\n<link rel=\"canonical\" href=\"https:\/\/visionslabs.io\/sk\/blog\/\" \/>\n<meta property=\"og:locale\" content=\"sk_SK\" \/>\n<meta property=\"og:type\" content=\"article\" \/>\n<meta property=\"og:title\" content=\"Blog - visionslabs\" \/>\n<meta property=\"og:description\" content=\"V r\u00e1mci n\u00e1\u0161ho blogu sa sna\u017e\u00edme informova\u0165 o novink\u00e1ch v obore tzn. okolo webu, mobiln\u00e9 aplik\u00e1cie alebo digit\u00e1lneho marketingu.\" \/>\n<meta property=\"og:url\" content=\"https:\/\/visionslabs.io\/sk\/blog\/\" \/>\n<meta property=\"og:site_name\" content=\"visionslabs\" \/>\n<meta property=\"article:publisher\" content=\"https:\/\/facebook.com\/visionslabs\/\" \/>\n<meta property=\"article:modified_time\" content=\"2021-10-13T10:19:21+00:00\" \/>\n<meta property=\"og:image\" content=\"https:\/\/visionslabs.io\/wp-content\/uploads\/2020\/08\/visionslabs-preview.jpg\" \/>\n\t<meta property=\"og:image:width\" content=\"1200\" \/>\n\t<meta property=\"og:image:height\" content=\"630\" \/>\n\t<meta property=\"og:image:type\" content=\"image\/jpeg\" \/>\n<meta name=\"twitter:card\" content=\"summary_large_image\" \/>\n<meta name=\"twitter:site\" content=\"@visionslabs\" \/>\n<script type=\"application\/ld+json\" class=\"yoast-schema-graph\">{\"@context\":\"https:\/\/schema.org\",\"@graph\":[{\"@type\":\"WebPage\",\"@id\":\"https:\/\/visionslabs.io\/sk\/blog\/\",\"url\":\"https:\/\/visionslabs.io\/sk\/blog\/\",\"name\":\"Blog - visionslabs\",\"isPartOf\":{\"@id\":\"https:\/\/visionslabs.io\/sk\/#website\"},\"datePublished\":\"2021-10-13T10:18:12+00:00\",\"dateModified\":\"2021-10-13T10:19:21+00:00\",\"description\":\"V r\u00e1mci n\u00e1\u0161ho blogu sa sna\u017e\u00edme informova\u0165 o novink\u00e1ch v obore tzn. okolo webu, mobiln\u00e9 aplik\u00e1cie alebo digit\u00e1lneho marketingu.\",\"breadcrumb\":{\"@id\":\"https:\/\/visionslabs.io\/sk\/blog\/#breadcrumb\"},\"inLanguage\":\"sk-SK\",\"potentialAction\":[{\"@type\":\"ReadAction\",\"target\":[\"https:\/\/visionslabs.io\/sk\/blog\/\"]}]},{\"@type\":\"BreadcrumbList\",\"@id\":\"https:\/\/visionslabs.io\/sk\/blog\/#breadcrumb\",\"itemListElement\":[{\"@type\":\"ListItem\",\"position\":1,\"name\":\"Home\",\"item\":\"https:\/\/visionslabs.io\/sk\/\"},{\"@type\":\"ListItem\",\"position\":2,\"name\":\"Blog\"}]},{\"@type\":\"WebSite\",\"@id\":\"https:\/\/visionslabs.io\/sk\/#website\",\"url\":\"https:\/\/visionslabs.io\/sk\/\",\"name\":\"visionslabs\",\"description\":\"Digit\u00e1ln\u00ed studio visionslabs se zab\u00fdv\u00e1 tvorbou web\u016f, aplikac\u00ed a digit\u00e1ln\u00edm marketingem\",\"publisher\":{\"@id\":\"https:\/\/visionslabs.io\/sk\/#organization\"},\"potentialAction\":[{\"@type\":\"SearchAction\",\"target\":{\"@type\":\"EntryPoint\",\"urlTemplate\":\"https:\/\/visionslabs.io\/sk\/?s={search_term_string}\"},\"query-input\":{\"@type\":\"PropertyValueSpecification\",\"valueRequired\":true,\"valueName\":\"search_term_string\"}}],\"inLanguage\":\"sk-SK\"},{\"@type\":\"Organization\",\"@id\":\"https:\/\/visionslabs.io\/sk\/#organization\",\"name\":\"VisionsLabs - Po\u010d\u00edta\u010dov\u00e1 slu\u017eba s.r.o.\",\"url\":\"https:\/\/visionslabs.io\/sk\/\",\"logo\":{\"@type\":\"ImageObject\",\"inLanguage\":\"sk-SK\",\"@id\":\"https:\/\/visionslabs.io\/sk\/#\/schema\/logo\/image\/\",\"url\":\"https:\/\/visionslabs.io\/wp-content\/uploads\/2020\/07\/visionslabs-logo-icon-1.svg\",\"contentUrl\":\"https:\/\/visionslabs.io\/wp-content\/uploads\/2020\/07\/visionslabs-logo-icon-1.svg\",\"width\":317,\"height\":90,\"caption\":\"VisionsLabs - Po\u010d\u00edta\u010dov\u00e1 slu\u017eba s.r.o.\"},\"image\":{\"@id\":\"https:\/\/visionslabs.io\/sk\/#\/schema\/logo\/image\/\"},\"sameAs\":[\"https:\/\/facebook.com\/visionslabs\/\",\"https:\/\/x.com\/visionslabs\",\"https:\/\/www.instagram.com\/visionslabs\/\",\"https:\/\/www.linkedin.com\/company\/visionslabs\"]}]}<\/script>\n<!-- \/ Yoast SEO plugin. -->","yoast_head_json":{"title":"Blog - visionslabs","description":"V r\u00e1mci n\u00e1\u0161ho blogu sa sna\u017e\u00edme informova\u0165 o novink\u00e1ch v obore tzn. okolo webu, mobiln\u00e9 aplik\u00e1cie alebo digit\u00e1lneho marketingu.","robots":{"index":"index","follow":"follow","max-snippet":"max-snippet:-1","max-image-preview":"max-image-preview:large","max-video-preview":"max-video-preview:-1"},"canonical":"https:\/\/visionslabs.io\/sk\/blog\/","og_locale":"sk_SK","og_type":"article","og_title":"Blog - visionslabs","og_description":"V r\u00e1mci n\u00e1\u0161ho blogu sa sna\u017e\u00edme informova\u0165 o novink\u00e1ch v obore tzn. okolo webu, mobiln\u00e9 aplik\u00e1cie alebo digit\u00e1lneho marketingu.","og_url":"https:\/\/visionslabs.io\/sk\/blog\/","og_site_name":"visionslabs","article_publisher":"https:\/\/facebook.com\/visionslabs\/","article_modified_time":"2021-10-13T10:19:21+00:00","og_image":[{"width":1200,"height":630,"url":"https:\/\/visionslabs.io\/wp-content\/uploads\/2020\/08\/visionslabs-preview.jpg","type":"image\/jpeg"}],"twitter_card":"summary_large_image","twitter_site":"@visionslabs","schema":{"@context":"https:\/\/schema.org","@graph":[{"@type":"WebPage","@id":"https:\/\/visionslabs.io\/sk\/blog\/","url":"https:\/\/visionslabs.io\/sk\/blog\/","name":"Blog - visionslabs","isPartOf":{"@id":"https:\/\/visionslabs.io\/sk\/#website"},"datePublished":"2021-10-13T10:18:12+00:00","dateModified":"2021-10-13T10:19:21+00:00","description":"V r\u00e1mci n\u00e1\u0161ho blogu sa sna\u017e\u00edme informova\u0165 o novink\u00e1ch v obore tzn. okolo webu, mobiln\u00e9 aplik\u00e1cie alebo digit\u00e1lneho marketingu.","breadcrumb":{"@id":"https:\/\/visionslabs.io\/sk\/blog\/#breadcrumb"},"inLanguage":"sk-SK","potentialAction":[{"@type":"ReadAction","target":["https:\/\/visionslabs.io\/sk\/blog\/"]}]},{"@type":"BreadcrumbList","@id":"https:\/\/visionslabs.io\/sk\/blog\/#breadcrumb","itemListElement":[{"@type":"ListItem","position":1,"name":"Home","item":"https:\/\/visionslabs.io\/sk\/"},{"@type":"ListItem","position":2,"name":"Blog"}]},{"@type":"WebSite","@id":"https:\/\/visionslabs.io\/sk\/#website","url":"https:\/\/visionslabs.io\/sk\/","name":"visionslabs","description":"Digit\u00e1ln\u00ed studio visionslabs se zab\u00fdv\u00e1 tvorbou web\u016f, aplikac\u00ed a digit\u00e1ln\u00edm marketingem","publisher":{"@id":"https:\/\/visionslabs.io\/sk\/#organization"},"potentialAction":[{"@type":"SearchAction","target":{"@type":"EntryPoint","urlTemplate":"https:\/\/visionslabs.io\/sk\/?s={search_term_string}"},"query-input":{"@type":"PropertyValueSpecification","valueRequired":true,"valueName":"search_term_string"}}],"inLanguage":"sk-SK"},{"@type":"Organization","@id":"https:\/\/visionslabs.io\/sk\/#organization","name":"VisionsLabs - Po\u010d\u00edta\u010dov\u00e1 slu\u017eba s.r.o.","url":"https:\/\/visionslabs.io\/sk\/","logo":{"@type":"ImageObject","inLanguage":"sk-SK","@id":"https:\/\/visionslabs.io\/sk\/#\/schema\/logo\/image\/","url":"https:\/\/visionslabs.io\/wp-content\/uploads\/2020\/07\/visionslabs-logo-icon-1.svg","contentUrl":"https:\/\/visionslabs.io\/wp-content\/uploads\/2020\/07\/visionslabs-logo-icon-1.svg","width":317,"height":90,"caption":"VisionsLabs - Po\u010d\u00edta\u010dov\u00e1 slu\u017eba s.r.o."},"image":{"@id":"https:\/\/visionslabs.io\/sk\/#\/schema\/logo\/image\/"},"sameAs":["https:\/\/facebook.com\/visionslabs\/","https:\/\/x.com\/visionslabs","https:\/\/www.instagram.com\/visionslabs\/","https:\/\/www.linkedin.com\/company\/visionslabs"]}]}},"jetpack_sharing_enabled":true,"_links":{"self":[{"href":"https:\/\/visionslabs.io\/sk\/wp-json\/wp\/v2\/pages\/3221","targetHints":{"allow":["GET"]}}],"collection":[{"href":"https:\/\/visionslabs.io\/sk\/wp-json\/wp\/v2\/pages"}],"about":[{"href":"https:\/\/visionslabs.io\/sk\/wp-json\/wp\/v2\/types\/page"}],"author":[{"embeddable":true,"href":"https:\/\/visionslabs.io\/sk\/wp-json\/wp\/v2\/users\/1"}],"replies":[{"embeddable":true,"href":"https:\/\/visionslabs.io\/sk\/wp-json\/wp\/v2\/comments?post=3221"}],"version-history":[{"count":0,"href":"https:\/\/visionslabs.io\/sk\/wp-json\/wp\/v2\/pages\/3221\/revisions"}],"wp:attachment":[{"href":"https:\/\/visionslabs.io\/sk\/wp-json\/wp\/v2\/media?parent=3221"}],"curies":[{"name":"wp","href":"https:\/\/api.w.org\/{rel}","templated":true}]}}